{"id":2855,"date":"2026-03-31T17:27:38","date_gmt":"2026-03-31T17:27:38","guid":{"rendered":"https:\/\/personalidar.ro\/?post_type=product&#038;p=2855"},"modified":"2026-03-31T17:32:16","modified_gmt":"2026-03-31T17:32:16","slug":"halba-limonada-cu-pai-rosu-personalizat","status":"publish","type":"product","link":"https:\/\/personalidar.ro\/hu\/produse\/halba-limonada-cu-pai-rosu-personalizat\/","title":{"rendered":"Halb\u0103 limonad\u0103 cu pai ro\u0219u &#8211; personalizat"},"content":{"rendered":"<p data-start=\"42\" data-end=\"136\">Dac\u0103 vrei un cadou care chiar aduce vibe de var\u0103, asta e fix genul de alegere care nu d\u0103 gre\u0219.<\/p>\n<p data-start=\"138\" data-end=\"367\">Halba de limonad\u0103 nu e doar un pahar \u2013 e genul de obiect care transform\u0103 orice b\u0103utur\u0103 \u00eentr-un moment. Fie c\u0103 e limonad\u0103, fresh, smoothie sau chiar un cocktail, arat\u0103 bine, se simte bine \u0219i parc\u0103 totul devine mai \u201einstagramabil\u201d.<\/p>\n<p data-start=\"369\" data-end=\"597\">Este cadoul perfect pentru cei care iubesc:<br \/>\n\u2714 b\u0103uturile fresh \u0219i stilul de via\u021b\u0103 relaxat<br data-start=\"457\" data-end=\"460\" \/>\u2714 zilele de var\u0103, picnicurile sau ie\u0219irile \u00een natur\u0103<br data-start=\"512\" data-end=\"515\" \/>\u2714 detaliile simpatice \u0219i diferite<br data-start=\"548\" data-end=\"551\" \/>\u2714 obiectele pe care chiar le folosesc zilnic<\/p>\n<p data-start=\"599\" data-end=\"826\">Capacul ajut\u0103 s\u0103 nu ver\u0219i lichidul, iar paiul reutilizabil \u00eei d\u0103 un vibe fun \u0219i modern. \u00cen plus, fiind din sticl\u0103, are un aspect mai premium \u0219i pl\u0103cut la utilizare dec\u00e2t un pahar obi\u0219nuit<\/p>\n<p data-start=\"828\" data-end=\"1003\">Este genul de cadou pe care nu doar \u00eel oferi, ci \u00eel vezi apoi folosit din nou \u0219i din nou \u2013 acas\u0103, \u00een vacan\u021b\u0103 sau chiar la birou, \u00een zilele \u00een care ai nevoie de un pic de var\u0103.<\/p>","protected":false},"excerpt":{"rendered":"<p><strong>Poate fii personalizat cu text \u0219i poz\u0103. Folosi\u021bi formularul de mai jos.<\/strong><\/p>","protected":false},"featured_media":2857,"comment_status":"open","ping_status":"closed","template":"","meta":[],"product_brand":[],"product_cat":[85,80,103,94,95,153,242],"product_tag":[243,244],"class_list":{"0":"post-2855","1":"product","2":"type-product","3":"status-publish","4":"has-post-thumbnail","6":"product_cat-camping","7":"product_cat-cana-personalizabila","8":"product_cat-horeca","9":"product_cat-petrecerea-burlacilor","10":"product_cat-petrecerea-burlacitelor","11":"product_cat-produse-personalizabile","12":"product_cat-termos-bidon-sport","13":"product_tag-bidon-sport-personalizat-din-metal","14":"product_tag-otel-inoxidabil","16":"first","17":"instock","18":"shipping-taxable","19":"purchasable","20":"product-type-simple"},"yoast_head":"<!-- This site is optimized with the Yoast SEO plugin v27.1.1 - https:\/\/yoast.com\/product\/yoast-seo-wordpress\/ -->\n<title>Halb\u0103 limonad\u0103 cu pai ro\u0219u - personalizat - PersonaliDar - Cadouri perfecte<\/title>\n<meta name=\"description\" content=\"Dac\u0103 vrei un cadou care chiar aduce vibe de var\u0103, asta e fix genul de alegere care nu d\u0103 gre\u0219.\" \/>\n<meta name=\"robots\" content=\"index, follow, max-snippet:-1, max-image-preview:large, max-video-preview:-1\" \/>\n<link rel=\"canonical\" href=\"https:\/\/personalidar.ro\/hu\/produse\/halba-limonada-cu-pai-rosu-personalizat\/\" \/>\n<meta property=\"og:locale\" content=\"hu_HU\" \/>\n<meta property=\"og:type\" content=\"article\" \/>\n<meta property=\"og:title\" content=\"Halb\u0103 limonad\u0103 cu pai ro\u0219u\" \/>\n<meta property=\"og:description\" content=\"Dac\u0103 vrei un cadou care chiar aduce vibe de var\u0103, asta e fix genul de alegere care nu d\u0103 gre\u0219.\" \/>\n<meta property=\"og:url\" content=\"https:\/\/personalidar.ro\/hu\/produse\/halba-limonada-cu-pai-rosu-personalizat\/\" \/>\n<meta property=\"og:site_name\" content=\"PersonaliDar - Cadouri perfecte\" \/>\n<meta property=\"article:publisher\" content=\"https:\/\/www.facebook.com\/personalidar.ro\" \/>\n<meta property=\"article:modified_time\" content=\"2026-03-31T17:32:16+00:00\" \/>\n<meta property=\"og:image\" content=\"https:\/\/personalidar.ro\/wp-content\/uploads\/2026\/03\/3705.webp\" \/>\n\t<meta property=\"og:image:width\" content=\"1000\" \/>\n\t<meta property=\"og:image:height\" content=\"1000\" \/>\n\t<meta property=\"og:image:type\" content=\"image\/webp\" \/>\n<meta name=\"twitter:card\" content=\"summary_large_image\" \/>\n<meta name=\"twitter:label1\" content=\"Becs\u00fclt olvas\u00e1si id\u0151\" \/>\n\t<meta name=\"twitter:data1\" content=\"1 perc\" \/>\n<script type=\"application\/ld+json\" class=\"yoast-schema-graph\">{\"@context\":\"https:\/\/schema.org\",\"@graph\":[{\"@type\":\"WebPage\",\"@id\":\"https:\/\/personalidar.ro\/produse\/halba-limonada-cu-pai-rosu-personalizat\/\",\"url\":\"https:\/\/personalidar.ro\/produse\/halba-limonada-cu-pai-rosu-personalizat\/\",\"name\":\"Halb\u0103 limonad\u0103 cu pai ro\u0219u - personalizat - PersonaliDar - Cadouri perfecte\",\"isPartOf\":{\"@id\":\"https:\/\/personalidar.ro\/#website\"},\"primaryImageOfPage\":{\"@id\":\"https:\/\/personalidar.ro\/produse\/halba-limonada-cu-pai-rosu-personalizat\/#primaryimage\"},\"image\":{\"@id\":\"https:\/\/personalidar.ro\/produse\/halba-limonada-cu-pai-rosu-personalizat\/#primaryimage\"},\"thumbnailUrl\":\"https:\/\/personalidar.ro\/wp-content\/uploads\/2026\/03\/3703.webp\",\"datePublished\":\"2026-03-31T17:27:38+00:00\",\"dateModified\":\"2026-03-31T17:32:16+00:00\",\"description\":\"Dac\u0103 vrei un cadou care chiar aduce vibe de var\u0103, asta e fix genul de alegere care nu d\u0103 gre\u0219.\",\"breadcrumb\":{\"@id\":\"https:\/\/personalidar.ro\/produse\/halba-limonada-cu-pai-rosu-personalizat\/#breadcrumb\"},\"inLanguage\":\"hu\",\"potentialAction\":[{\"@type\":\"ReadAction\",\"target\":[\"https:\/\/personalidar.ro\/produse\/halba-limonada-cu-pai-rosu-personalizat\/\"]}]},{\"@type\":\"ImageObject\",\"inLanguage\":\"hu\",\"@id\":\"https:\/\/personalidar.ro\/produse\/halba-limonada-cu-pai-rosu-personalizat\/#primaryimage\",\"url\":\"https:\/\/personalidar.ro\/wp-content\/uploads\/2026\/03\/3703.webp\",\"contentUrl\":\"https:\/\/personalidar.ro\/wp-content\/uploads\/2026\/03\/3703.webp\",\"width\":1000,\"height\":1000},{\"@type\":\"BreadcrumbList\",\"@id\":\"https:\/\/personalidar.ro\/produse\/halba-limonada-cu-pai-rosu-personalizat\/#breadcrumb\",\"itemListElement\":[{\"@type\":\"ListItem\",\"position\":1,\"name\":\"Home\",\"item\":\"https:\/\/personalidar.ro\/\"},{\"@type\":\"ListItem\",\"position\":2,\"name\":\"Shop\",\"item\":\"https:\/\/personalidar.ro\/shop\/\"},{\"@type\":\"ListItem\",\"position\":3,\"name\":\"Halb\u0103 limonad\u0103 cu pai ro\u0219u &#8211; personalizat\"}]},{\"@type\":\"WebSite\",\"@id\":\"https:\/\/personalidar.ro\/#website\",\"url\":\"https:\/\/personalidar.ro\/\",\"name\":\"PersonaliDar\",\"description\":\"Cadouri Mure\u0219\",\"publisher\":{\"@id\":\"https:\/\/personalidar.ro\/#organization\"},\"potentialAction\":[{\"@type\":\"SearchAction\",\"target\":{\"@type\":\"EntryPoint\",\"urlTemplate\":\"https:\/\/personalidar.ro\/?s={search_term_string}\"},\"query-input\":{\"@type\":\"PropertyValueSpecification\",\"valueRequired\":true,\"valueName\":\"search_term_string\"}}],\"inLanguage\":\"hu\"},{\"@type\":\"Organization\",\"@id\":\"https:\/\/personalidar.ro\/#organization\",\"name\":\"PersonaliDar\",\"url\":\"https:\/\/personalidar.ro\/\",\"logo\":{\"@type\":\"ImageObject\",\"inLanguage\":\"hu\",\"@id\":\"https:\/\/personalidar.ro\/#\/schema\/logo\/image\/\",\"url\":\"https:\/\/personalidar.ro\/wp-content\/uploads\/2026\/02\/cropped-logo-200-1.png\",\"contentUrl\":\"https:\/\/personalidar.ro\/wp-content\/uploads\/2026\/02\/cropped-logo-200-1.png\",\"width\":200,\"height\":115,\"caption\":\"PersonaliDar\"},\"image\":{\"@id\":\"https:\/\/personalidar.ro\/#\/schema\/logo\/image\/\"},\"sameAs\":[\"https:\/\/www.facebook.com\/personalidar.ro\"]}]}<\/script>\n<!-- \/ Yoast SEO plugin. -->","yoast_head_json":{"title":"Halb\u0103 limonad\u0103 cu pai ro\u0219u - personalizat - PersonaliDar - Cadouri perfecte","description":"Dac\u0103 vrei un cadou care chiar aduce vibe de var\u0103, asta e fix genul de alegere care nu d\u0103 gre\u0219.","robots":{"index":"index","follow":"follow","max-snippet":"max-snippet:-1","max-image-preview":"max-image-preview:large","max-video-preview":"max-video-preview:-1"},"canonical":"https:\/\/personalidar.ro\/hu\/produse\/halba-limonada-cu-pai-rosu-personalizat\/","og_locale":"hu_HU","og_type":"article","og_title":"Halb\u0103 limonad\u0103 cu pai ro\u0219u","og_description":"Dac\u0103 vrei un cadou care chiar aduce vibe de var\u0103, asta e fix genul de alegere care nu d\u0103 gre\u0219.","og_url":"https:\/\/personalidar.ro\/hu\/produse\/halba-limonada-cu-pai-rosu-personalizat\/","og_site_name":"PersonaliDar - Cadouri perfecte","article_publisher":"https:\/\/www.facebook.com\/personalidar.ro","article_modified_time":"2026-03-31T17:32:16+00:00","og_image":[{"width":1000,"height":1000,"url":"https:\/\/personalidar.ro\/wp-content\/uploads\/2026\/03\/3705.webp","type":"image\/webp"}],"twitter_card":"summary_large_image","twitter_misc":{"Becs\u00fclt olvas\u00e1si id\u0151":"1 perc"},"schema":{"@context":"https:\/\/schema.org","@graph":[{"@type":"WebPage","@id":"https:\/\/personalidar.ro\/produse\/halba-limonada-cu-pai-rosu-personalizat\/","url":"https:\/\/personalidar.ro\/produse\/halba-limonada-cu-pai-rosu-personalizat\/","name":"Halb\u0103 limonad\u0103 cu pai ro\u0219u - personalizat - PersonaliDar - Cadouri perfecte","isPartOf":{"@id":"https:\/\/personalidar.ro\/#website"},"primaryImageOfPage":{"@id":"https:\/\/personalidar.ro\/produse\/halba-limonada-cu-pai-rosu-personalizat\/#primaryimage"},"image":{"@id":"https:\/\/personalidar.ro\/produse\/halba-limonada-cu-pai-rosu-personalizat\/#primaryimage"},"thumbnailUrl":"https:\/\/personalidar.ro\/wp-content\/uploads\/2026\/03\/3703.webp","datePublished":"2026-03-31T17:27:38+00:00","dateModified":"2026-03-31T17:32:16+00:00","description":"Dac\u0103 vrei un cadou care chiar aduce vibe de var\u0103, asta e fix genul de alegere care nu d\u0103 gre\u0219.","breadcrumb":{"@id":"https:\/\/personalidar.ro\/produse\/halba-limonada-cu-pai-rosu-personalizat\/#breadcrumb"},"inLanguage":"hu","potentialAction":[{"@type":"ReadAction","target":["https:\/\/personalidar.ro\/produse\/halba-limonada-cu-pai-rosu-personalizat\/"]}]},{"@type":"ImageObject","inLanguage":"hu","@id":"https:\/\/personalidar.ro\/produse\/halba-limonada-cu-pai-rosu-personalizat\/#primaryimage","url":"https:\/\/personalidar.ro\/wp-content\/uploads\/2026\/03\/3703.webp","contentUrl":"https:\/\/personalidar.ro\/wp-content\/uploads\/2026\/03\/3703.webp","width":1000,"height":1000},{"@type":"BreadcrumbList","@id":"https:\/\/personalidar.ro\/produse\/halba-limonada-cu-pai-rosu-personalizat\/#breadcrumb","itemListElement":[{"@type":"ListItem","position":1,"name":"Home","item":"https:\/\/personalidar.ro\/"},{"@type":"ListItem","position":2,"name":"Shop","item":"https:\/\/personalidar.ro\/shop\/"},{"@type":"ListItem","position":3,"name":"Halb\u0103 limonad\u0103 cu pai ro\u0219u &#8211; personalizat"}]},{"@type":"WebSite","@id":"https:\/\/personalidar.ro\/#website","url":"https:\/\/personalidar.ro\/","name":"PersonaliDar","description":"Cadouri Mure\u0219","publisher":{"@id":"https:\/\/personalidar.ro\/#organization"},"potentialAction":[{"@type":"SearchAction","target":{"@type":"EntryPoint","urlTemplate":"https:\/\/personalidar.ro\/?s={search_term_string}"},"query-input":{"@type":"PropertyValueSpecification","valueRequired":true,"valueName":"search_term_string"}}],"inLanguage":"hu"},{"@type":"Organization","@id":"https:\/\/personalidar.ro\/#organization","name":"PersonaliDar","url":"https:\/\/personalidar.ro\/","logo":{"@type":"ImageObject","inLanguage":"hu","@id":"https:\/\/personalidar.ro\/#\/schema\/logo\/image\/","url":"https:\/\/personalidar.ro\/wp-content\/uploads\/2026\/02\/cropped-logo-200-1.png","contentUrl":"https:\/\/personalidar.ro\/wp-content\/uploads\/2026\/02\/cropped-logo-200-1.png","width":200,"height":115,"caption":"PersonaliDar"},"image":{"@id":"https:\/\/personalidar.ro\/#\/schema\/logo\/image\/"},"sameAs":["https:\/\/www.facebook.com\/personalidar.ro"]}]}},"_links":{"self":[{"href":"https:\/\/personalidar.ro\/hu\/wp-json\/wp\/v2\/product\/2855","targetHints":{"allow":["GET"]}}],"collection":[{"href":"https:\/\/personalidar.ro\/hu\/wp-json\/wp\/v2\/product"}],"about":[{"href":"https:\/\/personalidar.ro\/hu\/wp-json\/wp\/v2\/types\/product"}],"replies":[{"embeddable":true,"href":"https:\/\/personalidar.ro\/hu\/wp-json\/wp\/v2\/comments?post=2855"}],"wp:featuredmedia":[{"embeddable":true,"href":"https:\/\/personalidar.ro\/hu\/wp-json\/wp\/v2\/media\/2857"}],"wp:attachment":[{"href":"https:\/\/personalidar.ro\/hu\/wp-json\/wp\/v2\/media?parent=2855"}],"wp:term":[{"taxonomy":"product_brand","embeddable":true,"href":"https:\/\/personalidar.ro\/hu\/wp-json\/wp\/v2\/product_brand?post=2855"},{"taxonomy":"product_cat","embeddable":true,"href":"https:\/\/personalidar.ro\/hu\/wp-json\/wp\/v2\/product_cat?post=2855"},{"taxonomy":"product_tag","embeddable":true,"href":"https:\/\/personalidar.ro\/hu\/wp-json\/wp\/v2\/product_tag?post=2855"}],"curies":[{"name":"wp","href":"https:\/\/api.w.org\/{rel}","templated":true}]}}