{"id":2846,"date":"2026-03-31T17:12:12","date_gmt":"2026-03-31T17:12:12","guid":{"rendered":"https:\/\/personalidar.ro\/?post_type=product&#038;p=2846"},"modified":"2026-03-31T17:17:59","modified_gmt":"2026-03-31T17:17:59","slug":"bricheta-metal-personalizata","status":"publish","type":"product","link":"https:\/\/personalidar.ro\/hu\/produse\/bricheta-metal-personalizata\/","title":{"rendered":"Brichet\u0103 metal personalizat\u0103"},"content":{"rendered":"<p data-start=\"42\" data-end=\"143\">Dac\u0103 vrei un cadou mic, dar cu adev\u0103rat personal, bricheta asta e una dintre cele mai sigure alegeri.<\/p>\n<p data-start=\"145\" data-end=\"372\">Este genul de obiect pe care \u00eel ai mereu la tine \u2013 \u00een buzunar, \u00een ma\u0219in\u0103 sau pe mas\u0103 c\u00e2nd e\u0219ti cu prietenii. Tocmai de asta devine un cadou cu impact: nu e doar ceva frumos, ci ceva care intr\u0103 \u00een rutina zilnic\u0103 \u0219i r\u0103m\u00e2ne acolo.<\/p>\n<p data-start=\"374\" data-end=\"583\">Are un design clasic, inspirat din stilul bine cunoscut al brichetelor tip Zippo, \u0219i vine \u00eentr-o cutie metalic\u0103 elegant\u0103, ceea ce o face potrivit\u0103 direct de oferit cadou. <strong>Bricheta este goal\u0103 la livrare \u0219i trebuie \u00eenc\u0103rcat!<br \/>\n<\/strong>Vine \u00eenso\u021bit de cutie de metal.<\/p>\n<p data-start=\"585\" data-end=\"785\">Este alegerea perfect\u0103 pentru:<br \/>\n\u2714 persoane care apreciaz\u0103 obiectele clasice \u0219i utile<br data-start=\"668\" data-end=\"671\" \/>\u2714 cadouri personale cu semnifica\u021bie<br data-start=\"706\" data-end=\"709\" \/>\u2714 prieteni, colegi sau chiar clien\u021bi<br data-start=\"745\" data-end=\"748\" \/>\u2714 mici surprize care nu sunt banale<\/p>\n<p data-start=\"787\" data-end=\"909\">Nu e doar o brichet\u0103 \u2013 e un obiect pe care \u00eel folose\u0219ti des \u0219i care, de fiecare dat\u0103, \u00ee\u021bi aminte\u0219te de cine \u021bi l-a oferit.<\/p>","protected":false},"excerpt":{"rendered":"<p><strong>Poate fi personalizat cu poz\u0103 \u0219i text. Folosi\u021bi formularul de mai jos.<\/strong><\/p>","protected":false},"featured_media":2847,"comment_status":"open","ping_status":"closed","template":"","meta":[],"product_brand":[],"product_cat":[225,85,153],"product_tag":[226,260,179,258],"class_list":{"0":"post-2846","1":"product","2":"type-product","3":"status-publish","4":"has-post-thumbnail","6":"product_cat-brelocuri","7":"product_cat-camping","8":"product_cat-produse-personalizabile","9":"product_tag-breloc-personalizabil","10":"product_tag-bricheta-personalizata","11":"product_tag-cadou-personalizat","12":"product_tag-fiso-poker-personalizat","14":"first","15":"instock","16":"shipping-taxable","17":"purchasable","18":"product-type-simple"},"yoast_head":"<!-- This site is optimized with the Yoast SEO plugin v27.1.1 - https:\/\/yoast.com\/product\/yoast-seo-wordpress\/ -->\n<title>Brichet\u0103 metal personalizat\u0103 - PersonaliDar - Cadouri perfecte<\/title>\n<meta name=\"description\" content=\"Are un design clasic, inspirat din stilul bine cunoscut al brichetelor tip Zippo, \u0219i vine \u00eentr-o cutie metalic\u0103 elegant\u0103, ceea ce o face potrivit\u0103 direct de oferit cadou\" \/>\n<meta name=\"robots\" content=\"index, follow, max-snippet:-1, max-image-preview:large, max-video-preview:-1\" \/>\n<link rel=\"canonical\" href=\"https:\/\/personalidar.ro\/hu\/produse\/bricheta-metal-personalizata\/\" \/>\n<meta property=\"og:locale\" content=\"hu_HU\" \/>\n<meta property=\"og:type\" content=\"article\" \/>\n<meta property=\"og:title\" content=\"Brichet\u0103 personalizat\u0103\" \/>\n<meta property=\"og:description\" content=\"Este perfect pentru cei care iubesc serile relaxate cu o bere rece, gr\u0103tarele cu prietenii sau pur \u0219i simplu momentele mici de zi cu zi.\" \/>\n<meta property=\"og:url\" content=\"https:\/\/personalidar.ro\/hu\/produse\/bricheta-metal-personalizata\/\" \/>\n<meta property=\"og:site_name\" content=\"PersonaliDar - Cadouri perfecte\" \/>\n<meta property=\"article:publisher\" content=\"https:\/\/www.facebook.com\/personalidar.ro\" \/>\n<meta property=\"article:modified_time\" content=\"2026-03-31T17:17:59+00:00\" \/>\n<meta property=\"og:image\" content=\"https:\/\/personalidar.ro\/wp-content\/uploads\/2026\/03\/2059.webp\" \/>\n\t<meta property=\"og:image:width\" content=\"500\" \/>\n\t<meta property=\"og:image:height\" content=\"500\" \/>\n\t<meta property=\"og:image:type\" content=\"image\/webp\" \/>\n<meta name=\"twitter:card\" content=\"summary_large_image\" \/>\n<meta name=\"twitter:label1\" content=\"Becs\u00fclt olvas\u00e1si id\u0151\" \/>\n\t<meta name=\"twitter:data1\" content=\"1 perc\" \/>\n<script type=\"application\/ld+json\" class=\"yoast-schema-graph\">{\"@context\":\"https:\/\/schema.org\",\"@graph\":[{\"@type\":\"WebPage\",\"@id\":\"https:\/\/personalidar.ro\/produse\/bricheta-metal-personalizata\/\",\"url\":\"https:\/\/personalidar.ro\/produse\/bricheta-metal-personalizata\/\",\"name\":\"Brichet\u0103 metal personalizat\u0103 - PersonaliDar - Cadouri perfecte\",\"isPartOf\":{\"@id\":\"https:\/\/personalidar.ro\/#website\"},\"primaryImageOfPage\":{\"@id\":\"https:\/\/personalidar.ro\/produse\/bricheta-metal-personalizata\/#primaryimage\"},\"image\":{\"@id\":\"https:\/\/personalidar.ro\/produse\/bricheta-metal-personalizata\/#primaryimage\"},\"thumbnailUrl\":\"https:\/\/personalidar.ro\/wp-content\/uploads\/2026\/03\/2059.webp\",\"datePublished\":\"2026-03-31T17:12:12+00:00\",\"dateModified\":\"2026-03-31T17:17:59+00:00\",\"description\":\"Are un design clasic, inspirat din stilul bine cunoscut al brichetelor tip Zippo, \u0219i vine \u00eentr-o cutie metalic\u0103 elegant\u0103, ceea ce o face potrivit\u0103 direct de oferit cadou\",\"breadcrumb\":{\"@id\":\"https:\/\/personalidar.ro\/produse\/bricheta-metal-personalizata\/#breadcrumb\"},\"inLanguage\":\"hu\",\"potentialAction\":[{\"@type\":\"ReadAction\",\"target\":[\"https:\/\/personalidar.ro\/produse\/bricheta-metal-personalizata\/\"]}]},{\"@type\":\"ImageObject\",\"inLanguage\":\"hu\",\"@id\":\"https:\/\/personalidar.ro\/produse\/bricheta-metal-personalizata\/#primaryimage\",\"url\":\"https:\/\/personalidar.ro\/wp-content\/uploads\/2026\/03\/2059.webp\",\"contentUrl\":\"https:\/\/personalidar.ro\/wp-content\/uploads\/2026\/03\/2059.webp\",\"width\":500,\"height\":500},{\"@type\":\"BreadcrumbList\",\"@id\":\"https:\/\/personalidar.ro\/produse\/bricheta-metal-personalizata\/#breadcrumb\",\"itemListElement\":[{\"@type\":\"ListItem\",\"position\":1,\"name\":\"Home\",\"item\":\"https:\/\/personalidar.ro\/\"},{\"@type\":\"ListItem\",\"position\":2,\"name\":\"Shop\",\"item\":\"https:\/\/personalidar.ro\/shop\/\"},{\"@type\":\"ListItem\",\"position\":3,\"name\":\"Brichet\u0103 metal personalizat\u0103\"}]},{\"@type\":\"WebSite\",\"@id\":\"https:\/\/personalidar.ro\/#website\",\"url\":\"https:\/\/personalidar.ro\/\",\"name\":\"PersonaliDar\",\"description\":\"Cadouri Mure\u0219\",\"publisher\":{\"@id\":\"https:\/\/personalidar.ro\/#organization\"},\"potentialAction\":[{\"@type\":\"SearchAction\",\"target\":{\"@type\":\"EntryPoint\",\"urlTemplate\":\"https:\/\/personalidar.ro\/?s={search_term_string}\"},\"query-input\":{\"@type\":\"PropertyValueSpecification\",\"valueRequired\":true,\"valueName\":\"search_term_string\"}}],\"inLanguage\":\"hu\"},{\"@type\":\"Organization\",\"@id\":\"https:\/\/personalidar.ro\/#organization\",\"name\":\"PersonaliDar\",\"url\":\"https:\/\/personalidar.ro\/\",\"logo\":{\"@type\":\"ImageObject\",\"inLanguage\":\"hu\",\"@id\":\"https:\/\/personalidar.ro\/#\/schema\/logo\/image\/\",\"url\":\"https:\/\/personalidar.ro\/wp-content\/uploads\/2026\/02\/cropped-logo-200-1.png\",\"contentUrl\":\"https:\/\/personalidar.ro\/wp-content\/uploads\/2026\/02\/cropped-logo-200-1.png\",\"width\":200,\"height\":115,\"caption\":\"PersonaliDar\"},\"image\":{\"@id\":\"https:\/\/personalidar.ro\/#\/schema\/logo\/image\/\"},\"sameAs\":[\"https:\/\/www.facebook.com\/personalidar.ro\"]}]}<\/script>\n<!-- \/ Yoast SEO plugin. -->","yoast_head_json":{"title":"Brichet\u0103 metal personalizat\u0103 - PersonaliDar - Cadouri perfecte","description":"Are un design clasic, inspirat din stilul bine cunoscut al brichetelor tip Zippo, \u0219i vine \u00eentr-o cutie metalic\u0103 elegant\u0103, ceea ce o face potrivit\u0103 direct de oferit cadou","robots":{"index":"index","follow":"follow","max-snippet":"max-snippet:-1","max-image-preview":"max-image-preview:large","max-video-preview":"max-video-preview:-1"},"canonical":"https:\/\/personalidar.ro\/hu\/produse\/bricheta-metal-personalizata\/","og_locale":"hu_HU","og_type":"article","og_title":"Brichet\u0103 personalizat\u0103","og_description":"Este perfect pentru cei care iubesc serile relaxate cu o bere rece, gr\u0103tarele cu prietenii sau pur \u0219i simplu momentele mici de zi cu zi.","og_url":"https:\/\/personalidar.ro\/hu\/produse\/bricheta-metal-personalizata\/","og_site_name":"PersonaliDar - Cadouri perfecte","article_publisher":"https:\/\/www.facebook.com\/personalidar.ro","article_modified_time":"2026-03-31T17:17:59+00:00","og_image":[{"width":500,"height":500,"url":"https:\/\/personalidar.ro\/wp-content\/uploads\/2026\/03\/2059.webp","type":"image\/webp"}],"twitter_card":"summary_large_image","twitter_misc":{"Becs\u00fclt olvas\u00e1si id\u0151":"1 perc"},"schema":{"@context":"https:\/\/schema.org","@graph":[{"@type":"WebPage","@id":"https:\/\/personalidar.ro\/produse\/bricheta-metal-personalizata\/","url":"https:\/\/personalidar.ro\/produse\/bricheta-metal-personalizata\/","name":"Brichet\u0103 metal personalizat\u0103 - PersonaliDar - Cadouri perfecte","isPartOf":{"@id":"https:\/\/personalidar.ro\/#website"},"primaryImageOfPage":{"@id":"https:\/\/personalidar.ro\/produse\/bricheta-metal-personalizata\/#primaryimage"},"image":{"@id":"https:\/\/personalidar.ro\/produse\/bricheta-metal-personalizata\/#primaryimage"},"thumbnailUrl":"https:\/\/personalidar.ro\/wp-content\/uploads\/2026\/03\/2059.webp","datePublished":"2026-03-31T17:12:12+00:00","dateModified":"2026-03-31T17:17:59+00:00","description":"Are un design clasic, inspirat din stilul bine cunoscut al brichetelor tip Zippo, \u0219i vine \u00eentr-o cutie metalic\u0103 elegant\u0103, ceea ce o face potrivit\u0103 direct de oferit cadou","breadcrumb":{"@id":"https:\/\/personalidar.ro\/produse\/bricheta-metal-personalizata\/#breadcrumb"},"inLanguage":"hu","potentialAction":[{"@type":"ReadAction","target":["https:\/\/personalidar.ro\/produse\/bricheta-metal-personalizata\/"]}]},{"@type":"ImageObject","inLanguage":"hu","@id":"https:\/\/personalidar.ro\/produse\/bricheta-metal-personalizata\/#primaryimage","url":"https:\/\/personalidar.ro\/wp-content\/uploads\/2026\/03\/2059.webp","contentUrl":"https:\/\/personalidar.ro\/wp-content\/uploads\/2026\/03\/2059.webp","width":500,"height":500},{"@type":"BreadcrumbList","@id":"https:\/\/personalidar.ro\/produse\/bricheta-metal-personalizata\/#breadcrumb","itemListElement":[{"@type":"ListItem","position":1,"name":"Home","item":"https:\/\/personalidar.ro\/"},{"@type":"ListItem","position":2,"name":"Shop","item":"https:\/\/personalidar.ro\/shop\/"},{"@type":"ListItem","position":3,"name":"Brichet\u0103 metal personalizat\u0103"}]},{"@type":"WebSite","@id":"https:\/\/personalidar.ro\/#website","url":"https:\/\/personalidar.ro\/","name":"PersonaliDar","description":"Cadouri Mure\u0219","publisher":{"@id":"https:\/\/personalidar.ro\/#organization"},"potentialAction":[{"@type":"SearchAction","target":{"@type":"EntryPoint","urlTemplate":"https:\/\/personalidar.ro\/?s={search_term_string}"},"query-input":{"@type":"PropertyValueSpecification","valueRequired":true,"valueName":"search_term_string"}}],"inLanguage":"hu"},{"@type":"Organization","@id":"https:\/\/personalidar.ro\/#organization","name":"PersonaliDar","url":"https:\/\/personalidar.ro\/","logo":{"@type":"ImageObject","inLanguage":"hu","@id":"https:\/\/personalidar.ro\/#\/schema\/logo\/image\/","url":"https:\/\/personalidar.ro\/wp-content\/uploads\/2026\/02\/cropped-logo-200-1.png","contentUrl":"https:\/\/personalidar.ro\/wp-content\/uploads\/2026\/02\/cropped-logo-200-1.png","width":200,"height":115,"caption":"PersonaliDar"},"image":{"@id":"https:\/\/personalidar.ro\/#\/schema\/logo\/image\/"},"sameAs":["https:\/\/www.facebook.com\/personalidar.ro"]}]}},"_links":{"self":[{"href":"https:\/\/personalidar.ro\/hu\/wp-json\/wp\/v2\/product\/2846","targetHints":{"allow":["GET"]}}],"collection":[{"href":"https:\/\/personalidar.ro\/hu\/wp-json\/wp\/v2\/product"}],"about":[{"href":"https:\/\/personalidar.ro\/hu\/wp-json\/wp\/v2\/types\/product"}],"replies":[{"embeddable":true,"href":"https:\/\/personalidar.ro\/hu\/wp-json\/wp\/v2\/comments?post=2846"}],"wp:featuredmedia":[{"embeddable":true,"href":"https:\/\/personalidar.ro\/hu\/wp-json\/wp\/v2\/media\/2847"}],"wp:attachment":[{"href":"https:\/\/personalidar.ro\/hu\/wp-json\/wp\/v2\/media?parent=2846"}],"wp:term":[{"taxonomy":"product_brand","embeddable":true,"href":"https:\/\/personalidar.ro\/hu\/wp-json\/wp\/v2\/product_brand?post=2846"},{"taxonomy":"product_cat","embeddable":true,"href":"https:\/\/personalidar.ro\/hu\/wp-json\/wp\/v2\/product_cat?post=2846"},{"taxonomy":"product_tag","embeddable":true,"href":"https:\/\/personalidar.ro\/hu\/wp-json\/wp\/v2\/product_tag?post=2846"}],"curies":[{"name":"wp","href":"https:\/\/api.w.org\/{rel}","templated":true}]}}