{"id":2844,"date":"2026-03-31T17:08:09","date_gmt":"2026-03-31T17:08:09","guid":{"rendered":"https:\/\/personalidar.ro\/?post_type=product&#038;p=2844"},"modified":"2026-03-31T17:11:25","modified_gmt":"2026-03-31T17:11:25","slug":"breloc-desfacator-metalic-beer","status":"publish","type":"product","link":"https:\/\/personalidar.ro\/hu\/produse\/breloc-desfacator-metalic-beer\/","title":{"rendered":"Breloc desf\u0103c\u0103tor metalic BEER"},"content":{"rendered":"<p data-start=\"42\" data-end=\"148\">\u0102sta e genul de cadou mic care prinde la oricine\u2026 mai ales la cei care iubesc berea \u0219i momentele relaxate.<\/p>\n<p data-start=\"150\" data-end=\"352\">Nu e doar un desf\u0103c\u0103tor \u2013 e un obiect pe care \u00eel \u021bii mereu aproape. Fie pe chei, fie \u00een buzunar sau la \u00eendem\u00e2n\u0103 c\u00e2nd e\u0219ti cu prietenii. \u0218i exact asta \u00eel face special: nu st\u0103 degeaba, chiar se folose\u0219te.<\/p>\n<p data-start=\"354\" data-end=\"528\">Forma de sticl\u0103 de bere \u00eei d\u0103 un vibe fun \u0219i prietenos, iar faptul c\u0103 e metalic \u00eel face rezistent \u0219i potrivit pentru utilizare zilnic\u0103<\/p>\n<p data-start=\"530\" data-end=\"714\">Este un cadou ideal pentru:<br \/>\n\u2714 prieteni care ador\u0103 berea<br data-start=\"585\" data-end=\"588\" \/>\u2714 seri de gr\u0103tar, camping sau ie\u0219iri<br data-start=\"624\" data-end=\"627\" \/>\u2714 cadouri mici, dar cu personalitate<br data-start=\"663\" data-end=\"666\" \/>\u2714 surprize care chiar sunt folosite, nu uitate<\/p>\n<p data-start=\"716\" data-end=\"852\">Genul de obiect simplu, dar cu impact \u2013 pentru c\u0103 de fiecare dat\u0103 c\u00e2nd deschizi o bere, \u00ee\u021bi aminte\u0219ti de momentul \u00een care l-ai primit \ud83c\udf7b<\/p>","protected":false},"excerpt":{"rendered":"<p>\u0102sta e genul de cadou mic care prinde la oricine\u2026 mai ales la cei care iubesc berea \u0219i momentele relaxate. Nu e doar un desf\u0103c\u0103tor \u2013 e un obiect pe care \u00eel \u021bii mereu aproape. Fie pe chei, fie \u00een buzunar sau la \u00eendem\u00e2n\u0103 c\u00e2nd e\u0219ti cu prietenii. \u0218i exact asta \u00eel face special: nu&hellip;<\/p>","protected":false},"featured_media":2845,"comment_status":"open","ping_status":"closed","template":"","meta":[],"product_brand":[],"product_cat":[225,85,259],"product_tag":[226,179,258],"class_list":{"0":"post-2844","1":"product","2":"type-product","3":"status-publish","4":"has-post-thumbnail","6":"product_cat-brelocuri","7":"product_cat-camping","8":"product_cat-desfacator-sticla","9":"product_tag-breloc-personalizabil","10":"product_tag-cadou-personalizat","11":"product_tag-fiso-poker-personalizat","13":"first","14":"instock","15":"shipping-taxable","16":"purchasable","17":"product-type-simple"},"yoast_head":"<!-- This site is optimized with the Yoast SEO plugin v27.1.1 - https:\/\/yoast.com\/product\/yoast-seo-wordpress\/ -->\n<title>Breloc desf\u0103c\u0103tor metalic BEER - PersonaliDar - Cadouri perfecte<\/title>\n<meta name=\"description\" content=\"Este perfect pentru cei care iubesc serile relaxate cu o bere rece, gr\u0103tarele cu prietenii sau pur \u0219i simplu momentele mici de zi cu zi.\" \/>\n<meta name=\"robots\" content=\"index, follow, max-snippet:-1, max-image-preview:large, max-video-preview:-1\" \/>\n<link rel=\"canonical\" href=\"https:\/\/personalidar.ro\/hu\/produse\/breloc-desfacator-metalic-beer\/\" \/>\n<meta property=\"og:locale\" content=\"hu_HU\" \/>\n<meta property=\"og:type\" content=\"article\" \/>\n<meta property=\"og:title\" content=\"Desf\u0103c\u0103tor sticl\u0103 metal\" \/>\n<meta property=\"og:description\" content=\"Este perfect pentru cei care iubesc serile relaxate cu o bere rece, gr\u0103tarele cu prietenii sau pur \u0219i simplu momentele mici de zi cu zi.\" \/>\n<meta property=\"og:url\" content=\"https:\/\/personalidar.ro\/hu\/produse\/breloc-desfacator-metalic-beer\/\" \/>\n<meta property=\"og:site_name\" content=\"PersonaliDar - Cadouri perfecte\" \/>\n<meta property=\"article:publisher\" content=\"https:\/\/www.facebook.com\/personalidar.ro\" \/>\n<meta property=\"article:modified_time\" content=\"2026-03-31T17:11:25+00:00\" \/>\n<meta property=\"og:image\" content=\"https:\/\/personalidar.ro\/wp-content\/uploads\/2026\/03\/4989.webp\" \/>\n\t<meta property=\"og:image:width\" content=\"1000\" \/>\n\t<meta property=\"og:image:height\" content=\"1000\" \/>\n\t<meta property=\"og:image:type\" content=\"image\/webp\" \/>\n<meta name=\"twitter:card\" content=\"summary_large_image\" \/>\n<meta name=\"twitter:label1\" content=\"Becs\u00fclt olvas\u00e1si id\u0151\" \/>\n\t<meta name=\"twitter:data1\" content=\"1 perc\" \/>\n<script type=\"application\/ld+json\" class=\"yoast-schema-graph\">{\"@context\":\"https:\/\/schema.org\",\"@graph\":[{\"@type\":\"WebPage\",\"@id\":\"https:\/\/personalidar.ro\/produse\/breloc-desfacator-metalic-beer\/\",\"url\":\"https:\/\/personalidar.ro\/produse\/breloc-desfacator-metalic-beer\/\",\"name\":\"Breloc desf\u0103c\u0103tor metalic BEER - PersonaliDar - Cadouri perfecte\",\"isPartOf\":{\"@id\":\"https:\/\/personalidar.ro\/#website\"},\"primaryImageOfPage\":{\"@id\":\"https:\/\/personalidar.ro\/produse\/breloc-desfacator-metalic-beer\/#primaryimage\"},\"image\":{\"@id\":\"https:\/\/personalidar.ro\/produse\/breloc-desfacator-metalic-beer\/#primaryimage\"},\"thumbnailUrl\":\"https:\/\/personalidar.ro\/wp-content\/uploads\/2026\/03\/4989.webp\",\"datePublished\":\"2026-03-31T17:08:09+00:00\",\"dateModified\":\"2026-03-31T17:11:25+00:00\",\"description\":\"Este perfect pentru cei care iubesc serile relaxate cu o bere rece, gr\u0103tarele cu prietenii sau pur \u0219i simplu momentele mici de zi cu zi.\",\"breadcrumb\":{\"@id\":\"https:\/\/personalidar.ro\/produse\/breloc-desfacator-metalic-beer\/#breadcrumb\"},\"inLanguage\":\"hu\",\"potentialAction\":[{\"@type\":\"ReadAction\",\"target\":[\"https:\/\/personalidar.ro\/produse\/breloc-desfacator-metalic-beer\/\"]}]},{\"@type\":\"ImageObject\",\"inLanguage\":\"hu\",\"@id\":\"https:\/\/personalidar.ro\/produse\/breloc-desfacator-metalic-beer\/#primaryimage\",\"url\":\"https:\/\/personalidar.ro\/wp-content\/uploads\/2026\/03\/4989.webp\",\"contentUrl\":\"https:\/\/personalidar.ro\/wp-content\/uploads\/2026\/03\/4989.webp\",\"width\":1000,\"height\":1000},{\"@type\":\"BreadcrumbList\",\"@id\":\"https:\/\/personalidar.ro\/produse\/breloc-desfacator-metalic-beer\/#breadcrumb\",\"itemListElement\":[{\"@type\":\"ListItem\",\"position\":1,\"name\":\"Home\",\"item\":\"https:\/\/personalidar.ro\/\"},{\"@type\":\"ListItem\",\"position\":2,\"name\":\"Shop\",\"item\":\"https:\/\/personalidar.ro\/shop\/\"},{\"@type\":\"ListItem\",\"position\":3,\"name\":\"Breloc desf\u0103c\u0103tor metalic BEER\"}]},{\"@type\":\"WebSite\",\"@id\":\"https:\/\/personalidar.ro\/#website\",\"url\":\"https:\/\/personalidar.ro\/\",\"name\":\"PersonaliDar\",\"description\":\"Cadouri Mure\u0219\",\"publisher\":{\"@id\":\"https:\/\/personalidar.ro\/#organization\"},\"potentialAction\":[{\"@type\":\"SearchAction\",\"target\":{\"@type\":\"EntryPoint\",\"urlTemplate\":\"https:\/\/personalidar.ro\/?s={search_term_string}\"},\"query-input\":{\"@type\":\"PropertyValueSpecification\",\"valueRequired\":true,\"valueName\":\"search_term_string\"}}],\"inLanguage\":\"hu\"},{\"@type\":\"Organization\",\"@id\":\"https:\/\/personalidar.ro\/#organization\",\"name\":\"PersonaliDar\",\"url\":\"https:\/\/personalidar.ro\/\",\"logo\":{\"@type\":\"ImageObject\",\"inLanguage\":\"hu\",\"@id\":\"https:\/\/personalidar.ro\/#\/schema\/logo\/image\/\",\"url\":\"https:\/\/personalidar.ro\/wp-content\/uploads\/2026\/02\/cropped-logo-200-1.png\",\"contentUrl\":\"https:\/\/personalidar.ro\/wp-content\/uploads\/2026\/02\/cropped-logo-200-1.png\",\"width\":200,\"height\":115,\"caption\":\"PersonaliDar\"},\"image\":{\"@id\":\"https:\/\/personalidar.ro\/#\/schema\/logo\/image\/\"},\"sameAs\":[\"https:\/\/www.facebook.com\/personalidar.ro\"]}]}<\/script>\n<!-- \/ Yoast SEO plugin. -->","yoast_head_json":{"title":"Breloc desf\u0103c\u0103tor metalic BEER - PersonaliDar - Cadouri perfecte","description":"Este perfect pentru cei care iubesc serile relaxate cu o bere rece, gr\u0103tarele cu prietenii sau pur \u0219i simplu momentele mici de zi cu zi.","robots":{"index":"index","follow":"follow","max-snippet":"max-snippet:-1","max-image-preview":"max-image-preview:large","max-video-preview":"max-video-preview:-1"},"canonical":"https:\/\/personalidar.ro\/hu\/produse\/breloc-desfacator-metalic-beer\/","og_locale":"hu_HU","og_type":"article","og_title":"Desf\u0103c\u0103tor sticl\u0103 metal","og_description":"Este perfect pentru cei care iubesc serile relaxate cu o bere rece, gr\u0103tarele cu prietenii sau pur \u0219i simplu momentele mici de zi cu zi.","og_url":"https:\/\/personalidar.ro\/hu\/produse\/breloc-desfacator-metalic-beer\/","og_site_name":"PersonaliDar - Cadouri perfecte","article_publisher":"https:\/\/www.facebook.com\/personalidar.ro","article_modified_time":"2026-03-31T17:11:25+00:00","og_image":[{"width":1000,"height":1000,"url":"https:\/\/personalidar.ro\/wp-content\/uploads\/2026\/03\/4989.webp","type":"image\/webp"}],"twitter_card":"summary_large_image","twitter_misc":{"Becs\u00fclt olvas\u00e1si id\u0151":"1 perc"},"schema":{"@context":"https:\/\/schema.org","@graph":[{"@type":"WebPage","@id":"https:\/\/personalidar.ro\/produse\/breloc-desfacator-metalic-beer\/","url":"https:\/\/personalidar.ro\/produse\/breloc-desfacator-metalic-beer\/","name":"Breloc desf\u0103c\u0103tor metalic BEER - PersonaliDar - Cadouri perfecte","isPartOf":{"@id":"https:\/\/personalidar.ro\/#website"},"primaryImageOfPage":{"@id":"https:\/\/personalidar.ro\/produse\/breloc-desfacator-metalic-beer\/#primaryimage"},"image":{"@id":"https:\/\/personalidar.ro\/produse\/breloc-desfacator-metalic-beer\/#primaryimage"},"thumbnailUrl":"https:\/\/personalidar.ro\/wp-content\/uploads\/2026\/03\/4989.webp","datePublished":"2026-03-31T17:08:09+00:00","dateModified":"2026-03-31T17:11:25+00:00","description":"Este perfect pentru cei care iubesc serile relaxate cu o bere rece, gr\u0103tarele cu prietenii sau pur \u0219i simplu momentele mici de zi cu zi.","breadcrumb":{"@id":"https:\/\/personalidar.ro\/produse\/breloc-desfacator-metalic-beer\/#breadcrumb"},"inLanguage":"hu","potentialAction":[{"@type":"ReadAction","target":["https:\/\/personalidar.ro\/produse\/breloc-desfacator-metalic-beer\/"]}]},{"@type":"ImageObject","inLanguage":"hu","@id":"https:\/\/personalidar.ro\/produse\/breloc-desfacator-metalic-beer\/#primaryimage","url":"https:\/\/personalidar.ro\/wp-content\/uploads\/2026\/03\/4989.webp","contentUrl":"https:\/\/personalidar.ro\/wp-content\/uploads\/2026\/03\/4989.webp","width":1000,"height":1000},{"@type":"BreadcrumbList","@id":"https:\/\/personalidar.ro\/produse\/breloc-desfacator-metalic-beer\/#breadcrumb","itemListElement":[{"@type":"ListItem","position":1,"name":"Home","item":"https:\/\/personalidar.ro\/"},{"@type":"ListItem","position":2,"name":"Shop","item":"https:\/\/personalidar.ro\/shop\/"},{"@type":"ListItem","position":3,"name":"Breloc desf\u0103c\u0103tor metalic BEER"}]},{"@type":"WebSite","@id":"https:\/\/personalidar.ro\/#website","url":"https:\/\/personalidar.ro\/","name":"PersonaliDar","description":"Cadouri Mure\u0219","publisher":{"@id":"https:\/\/personalidar.ro\/#organization"},"potentialAction":[{"@type":"SearchAction","target":{"@type":"EntryPoint","urlTemplate":"https:\/\/personalidar.ro\/?s={search_term_string}"},"query-input":{"@type":"PropertyValueSpecification","valueRequired":true,"valueName":"search_term_string"}}],"inLanguage":"hu"},{"@type":"Organization","@id":"https:\/\/personalidar.ro\/#organization","name":"PersonaliDar","url":"https:\/\/personalidar.ro\/","logo":{"@type":"ImageObject","inLanguage":"hu","@id":"https:\/\/personalidar.ro\/#\/schema\/logo\/image\/","url":"https:\/\/personalidar.ro\/wp-content\/uploads\/2026\/02\/cropped-logo-200-1.png","contentUrl":"https:\/\/personalidar.ro\/wp-content\/uploads\/2026\/02\/cropped-logo-200-1.png","width":200,"height":115,"caption":"PersonaliDar"},"image":{"@id":"https:\/\/personalidar.ro\/#\/schema\/logo\/image\/"},"sameAs":["https:\/\/www.facebook.com\/personalidar.ro"]}]}},"_links":{"self":[{"href":"https:\/\/personalidar.ro\/hu\/wp-json\/wp\/v2\/product\/2844","targetHints":{"allow":["GET"]}}],"collection":[{"href":"https:\/\/personalidar.ro\/hu\/wp-json\/wp\/v2\/product"}],"about":[{"href":"https:\/\/personalidar.ro\/hu\/wp-json\/wp\/v2\/types\/product"}],"replies":[{"embeddable":true,"href":"https:\/\/personalidar.ro\/hu\/wp-json\/wp\/v2\/comments?post=2844"}],"wp:featuredmedia":[{"embeddable":true,"href":"https:\/\/personalidar.ro\/hu\/wp-json\/wp\/v2\/media\/2845"}],"wp:attachment":[{"href":"https:\/\/personalidar.ro\/hu\/wp-json\/wp\/v2\/media?parent=2844"}],"wp:term":[{"taxonomy":"product_brand","embeddable":true,"href":"https:\/\/personalidar.ro\/hu\/wp-json\/wp\/v2\/product_brand?post=2844"},{"taxonomy":"product_cat","embeddable":true,"href":"https:\/\/personalidar.ro\/hu\/wp-json\/wp\/v2\/product_cat?post=2844"},{"taxonomy":"product_tag","embeddable":true,"href":"https:\/\/personalidar.ro\/hu\/wp-json\/wp\/v2\/product_tag?post=2844"}],"curies":[{"name":"wp","href":"https:\/\/api.w.org\/{rel}","templated":true}]}}