{"id":2839,"date":"2026-03-31T16:56:48","date_gmt":"2026-03-31T16:56:48","guid":{"rendered":"https:\/\/personalidar.ro\/?post_type=product&#038;p=2839"},"modified":"2026-03-31T17:05:35","modified_gmt":"2026-03-31T17:05:35","slug":"desfacator-sticla-metal-personalizat","status":"publish","type":"product","link":"https:\/\/personalidar.ro\/hu\/produse\/desfacator-sticla-metal-personalizat\/","title":{"rendered":"Desf\u0103c\u0103tor sticl\u0103 metal &#8211; personalizat"},"content":{"rendered":"<p data-start=\"42\" data-end=\"158\">Dac\u0103 vrei un cadou simplu, dar care chiar ajunge s\u0103 fie folosit, desf\u0103c\u0103torul \u0103sta e fix genul de alegere inspirat\u0103.<\/p>\n<p data-start=\"160\" data-end=\"452\">Este perfect pentru cei care iubesc serile relaxate cu o bere rece, gr\u0103tarele cu prietenii sau pur \u0219i simplu momentele mici de zi cu zi. Nu e genul de obiect pe care \u00eel pui \u00eentr-un sertar \u0219i \u00eel ui\u021bi \u2013 \u00eel folose\u0219ti constant, iar de fiecare dat\u0103 \u00ee\u021bi aduce aminte de persoana care \u021bi l-a oferit.<\/p>\n<p data-start=\"454\" data-end=\"695\">Fiind compact \u0219i u\u0219or, \u00eel po\u021bi avea mereu la \u00eendem\u00e2n\u0103 \u2013 acas\u0103, \u00een ma\u0219in\u0103 sau chiar prins la chei. \u00cen plus, faptul c\u0103 are un design clasic \u0219i rezistent din metal \u00eel face s\u0103 arate bine \u0219i s\u0103 \u021bin\u0103 \u00een timp<\/p>\n<p data-start=\"697\" data-end=\"920\">Este o alegere foarte bun\u0103 pentru:<br \/>\n\u2714 prieteni care ador\u0103 berea sau ie\u0219irile relaxate<br data-start=\"781\" data-end=\"784\" \/>\u2714 cadouri de tip \u201emic, dar de efect\u201d<br data-start=\"820\" data-end=\"823\" \/>\u2714 evenimente, petreceri sau team building-uri<br data-start=\"868\" data-end=\"871\" \/>\u2714 surprize personalizate care chiar se folosesc<\/p>\n<p data-start=\"922\" data-end=\"1045\">Un obiect simplu, dar cu sens \u2013 genul de cadou pe care nu doar \u00eel oferi, ci \u0219tii sigur c\u0103 va fi folosit din nou \u0219i din nou.<\/p>","protected":false},"excerpt":{"rendered":"<ul>\n<li><strong>Culoare<\/strong>: negru,<\/li>\n<li><strong>Diametru<\/strong>: 2,5 cm<\/li>\n<li><strong>Greutate<\/strong>: 55 grame<\/li>\n<li><strong>Inaltime<\/strong>: 11,5 cm<\/li>\n<li><strong>Material<\/strong>: plastic<\/li>\n<\/ul>","protected":false},"featured_media":2841,"comment_status":"open","ping_status":"closed","template":"","meta":[],"product_brand":[],"product_cat":[85,259,153],"product_tag":[226,179,258],"class_list":{"0":"post-2839","1":"product","2":"type-product","3":"status-publish","4":"has-post-thumbnail","6":"product_cat-camping","7":"product_cat-desfacator-sticla","8":"product_cat-produse-personalizabile","9":"product_tag-breloc-personalizabil","10":"product_tag-cadou-personalizat","11":"product_tag-fiso-poker-personalizat","13":"first","14":"instock","15":"shipping-taxable","16":"purchasable","17":"product-type-simple"},"yoast_head":"<!-- This site is optimized with the Yoast SEO plugin v27.1.1 - https:\/\/yoast.com\/product\/yoast-seo-wordpress\/ -->\n<title>Desf\u0103c\u0103tor sticl\u0103 metal - personalizat - PersonaliDar - Cadouri perfecte<\/title>\n<meta name=\"description\" content=\"Este perfect pentru cei care iubesc serile relaxate cu o bere rece, gr\u0103tarele cu prietenii sau pur \u0219i simplu momentele mici de zi cu zi.\" \/>\n<meta name=\"robots\" content=\"index, follow, max-snippet:-1, max-image-preview:large, max-video-preview:-1\" \/>\n<link rel=\"canonical\" href=\"https:\/\/personalidar.ro\/hu\/produse\/desfacator-sticla-metal-personalizat\/\" \/>\n<meta property=\"og:locale\" content=\"hu_HU\" \/>\n<meta property=\"og:type\" content=\"article\" \/>\n<meta property=\"og:title\" content=\"Desf\u0103c\u0103tor sticl\u0103 metal - personalizat\" \/>\n<meta property=\"og:description\" content=\"Este perfect pentru cei care iubesc serile relaxate cu o bere rece, gr\u0103tarele cu prietenii sau pur \u0219i simplu momentele mici de zi cu zi.\" \/>\n<meta property=\"og:url\" content=\"https:\/\/personalidar.ro\/hu\/produse\/desfacator-sticla-metal-personalizat\/\" \/>\n<meta property=\"og:site_name\" content=\"PersonaliDar - Cadouri perfecte\" \/>\n<meta property=\"article:publisher\" content=\"https:\/\/www.facebook.com\/personalidar.ro\" \/>\n<meta property=\"article:modified_time\" content=\"2026-03-31T17:05:35+00:00\" \/>\n<meta property=\"og:image\" content=\"https:\/\/personalidar.ro\/wp-content\/uploads\/2026\/03\/3639.webp\" \/>\n\t<meta property=\"og:image:width\" content=\"1000\" \/>\n\t<meta property=\"og:image:height\" content=\"1000\" \/>\n\t<meta property=\"og:image:type\" content=\"image\/webp\" \/>\n<meta name=\"twitter:card\" content=\"summary_large_image\" \/>\n<meta name=\"twitter:label1\" content=\"Becs\u00fclt olvas\u00e1si id\u0151\" \/>\n\t<meta name=\"twitter:data1\" content=\"1 perc\" \/>\n<script type=\"application\/ld+json\" class=\"yoast-schema-graph\">{\"@context\":\"https:\/\/schema.org\",\"@graph\":[{\"@type\":\"WebPage\",\"@id\":\"https:\/\/personalidar.ro\/produse\/desfacator-sticla-metal-personalizat\/\",\"url\":\"https:\/\/personalidar.ro\/produse\/desfacator-sticla-metal-personalizat\/\",\"name\":\"Desf\u0103c\u0103tor sticl\u0103 metal - personalizat - PersonaliDar - Cadouri perfecte\",\"isPartOf\":{\"@id\":\"https:\/\/personalidar.ro\/#website\"},\"primaryImageOfPage\":{\"@id\":\"https:\/\/personalidar.ro\/produse\/desfacator-sticla-metal-personalizat\/#primaryimage\"},\"image\":{\"@id\":\"https:\/\/personalidar.ro\/produse\/desfacator-sticla-metal-personalizat\/#primaryimage\"},\"thumbnailUrl\":\"https:\/\/personalidar.ro\/wp-content\/uploads\/2026\/03\/3639.webp\",\"datePublished\":\"2026-03-31T16:56:48+00:00\",\"dateModified\":\"2026-03-31T17:05:35+00:00\",\"description\":\"Este perfect pentru cei care iubesc serile relaxate cu o bere rece, gr\u0103tarele cu prietenii sau pur \u0219i simplu momentele mici de zi cu zi.\",\"breadcrumb\":{\"@id\":\"https:\/\/personalidar.ro\/produse\/desfacator-sticla-metal-personalizat\/#breadcrumb\"},\"inLanguage\":\"hu\",\"potentialAction\":[{\"@type\":\"ReadAction\",\"target\":[\"https:\/\/personalidar.ro\/produse\/desfacator-sticla-metal-personalizat\/\"]}]},{\"@type\":\"ImageObject\",\"inLanguage\":\"hu\",\"@id\":\"https:\/\/personalidar.ro\/produse\/desfacator-sticla-metal-personalizat\/#primaryimage\",\"url\":\"https:\/\/personalidar.ro\/wp-content\/uploads\/2026\/03\/3639.webp\",\"contentUrl\":\"https:\/\/personalidar.ro\/wp-content\/uploads\/2026\/03\/3639.webp\",\"width\":1000,\"height\":1000},{\"@type\":\"BreadcrumbList\",\"@id\":\"https:\/\/personalidar.ro\/produse\/desfacator-sticla-metal-personalizat\/#breadcrumb\",\"itemListElement\":[{\"@type\":\"ListItem\",\"position\":1,\"name\":\"Home\",\"item\":\"https:\/\/personalidar.ro\/\"},{\"@type\":\"ListItem\",\"position\":2,\"name\":\"Shop\",\"item\":\"https:\/\/personalidar.ro\/shop\/\"},{\"@type\":\"ListItem\",\"position\":3,\"name\":\"Desf\u0103c\u0103tor sticl\u0103 metal &#8211; personalizat\"}]},{\"@type\":\"WebSite\",\"@id\":\"https:\/\/personalidar.ro\/#website\",\"url\":\"https:\/\/personalidar.ro\/\",\"name\":\"PersonaliDar\",\"description\":\"Cadouri Mure\u0219\",\"publisher\":{\"@id\":\"https:\/\/personalidar.ro\/#organization\"},\"potentialAction\":[{\"@type\":\"SearchAction\",\"target\":{\"@type\":\"EntryPoint\",\"urlTemplate\":\"https:\/\/personalidar.ro\/?s={search_term_string}\"},\"query-input\":{\"@type\":\"PropertyValueSpecification\",\"valueRequired\":true,\"valueName\":\"search_term_string\"}}],\"inLanguage\":\"hu\"},{\"@type\":\"Organization\",\"@id\":\"https:\/\/personalidar.ro\/#organization\",\"name\":\"PersonaliDar\",\"url\":\"https:\/\/personalidar.ro\/\",\"logo\":{\"@type\":\"ImageObject\",\"inLanguage\":\"hu\",\"@id\":\"https:\/\/personalidar.ro\/#\/schema\/logo\/image\/\",\"url\":\"https:\/\/personalidar.ro\/wp-content\/uploads\/2026\/02\/cropped-logo-200-1.png\",\"contentUrl\":\"https:\/\/personalidar.ro\/wp-content\/uploads\/2026\/02\/cropped-logo-200-1.png\",\"width\":200,\"height\":115,\"caption\":\"PersonaliDar\"},\"image\":{\"@id\":\"https:\/\/personalidar.ro\/#\/schema\/logo\/image\/\"},\"sameAs\":[\"https:\/\/www.facebook.com\/personalidar.ro\"]}]}<\/script>\n<!-- \/ Yoast SEO plugin. -->","yoast_head_json":{"title":"Desf\u0103c\u0103tor sticl\u0103 metal - personalizat - PersonaliDar - Cadouri perfecte","description":"Este perfect pentru cei care iubesc serile relaxate cu o bere rece, gr\u0103tarele cu prietenii sau pur \u0219i simplu momentele mici de zi cu zi.","robots":{"index":"index","follow":"follow","max-snippet":"max-snippet:-1","max-image-preview":"max-image-preview:large","max-video-preview":"max-video-preview:-1"},"canonical":"https:\/\/personalidar.ro\/hu\/produse\/desfacator-sticla-metal-personalizat\/","og_locale":"hu_HU","og_type":"article","og_title":"Desf\u0103c\u0103tor sticl\u0103 metal - personalizat","og_description":"Este perfect pentru cei care iubesc serile relaxate cu o bere rece, gr\u0103tarele cu prietenii sau pur \u0219i simplu momentele mici de zi cu zi.","og_url":"https:\/\/personalidar.ro\/hu\/produse\/desfacator-sticla-metal-personalizat\/","og_site_name":"PersonaliDar - Cadouri perfecte","article_publisher":"https:\/\/www.facebook.com\/personalidar.ro","article_modified_time":"2026-03-31T17:05:35+00:00","og_image":[{"width":1000,"height":1000,"url":"https:\/\/personalidar.ro\/wp-content\/uploads\/2026\/03\/3639.webp","type":"image\/webp"}],"twitter_card":"summary_large_image","twitter_misc":{"Becs\u00fclt olvas\u00e1si id\u0151":"1 perc"},"schema":{"@context":"https:\/\/schema.org","@graph":[{"@type":"WebPage","@id":"https:\/\/personalidar.ro\/produse\/desfacator-sticla-metal-personalizat\/","url":"https:\/\/personalidar.ro\/produse\/desfacator-sticla-metal-personalizat\/","name":"Desf\u0103c\u0103tor sticl\u0103 metal - personalizat - PersonaliDar - Cadouri perfecte","isPartOf":{"@id":"https:\/\/personalidar.ro\/#website"},"primaryImageOfPage":{"@id":"https:\/\/personalidar.ro\/produse\/desfacator-sticla-metal-personalizat\/#primaryimage"},"image":{"@id":"https:\/\/personalidar.ro\/produse\/desfacator-sticla-metal-personalizat\/#primaryimage"},"thumbnailUrl":"https:\/\/personalidar.ro\/wp-content\/uploads\/2026\/03\/3639.webp","datePublished":"2026-03-31T16:56:48+00:00","dateModified":"2026-03-31T17:05:35+00:00","description":"Este perfect pentru cei care iubesc serile relaxate cu o bere rece, gr\u0103tarele cu prietenii sau pur \u0219i simplu momentele mici de zi cu zi.","breadcrumb":{"@id":"https:\/\/personalidar.ro\/produse\/desfacator-sticla-metal-personalizat\/#breadcrumb"},"inLanguage":"hu","potentialAction":[{"@type":"ReadAction","target":["https:\/\/personalidar.ro\/produse\/desfacator-sticla-metal-personalizat\/"]}]},{"@type":"ImageObject","inLanguage":"hu","@id":"https:\/\/personalidar.ro\/produse\/desfacator-sticla-metal-personalizat\/#primaryimage","url":"https:\/\/personalidar.ro\/wp-content\/uploads\/2026\/03\/3639.webp","contentUrl":"https:\/\/personalidar.ro\/wp-content\/uploads\/2026\/03\/3639.webp","width":1000,"height":1000},{"@type":"BreadcrumbList","@id":"https:\/\/personalidar.ro\/produse\/desfacator-sticla-metal-personalizat\/#breadcrumb","itemListElement":[{"@type":"ListItem","position":1,"name":"Home","item":"https:\/\/personalidar.ro\/"},{"@type":"ListItem","position":2,"name":"Shop","item":"https:\/\/personalidar.ro\/shop\/"},{"@type":"ListItem","position":3,"name":"Desf\u0103c\u0103tor sticl\u0103 metal &#8211; personalizat"}]},{"@type":"WebSite","@id":"https:\/\/personalidar.ro\/#website","url":"https:\/\/personalidar.ro\/","name":"PersonaliDar","description":"Cadouri Mure\u0219","publisher":{"@id":"https:\/\/personalidar.ro\/#organization"},"potentialAction":[{"@type":"SearchAction","target":{"@type":"EntryPoint","urlTemplate":"https:\/\/personalidar.ro\/?s={search_term_string}"},"query-input":{"@type":"PropertyValueSpecification","valueRequired":true,"valueName":"search_term_string"}}],"inLanguage":"hu"},{"@type":"Organization","@id":"https:\/\/personalidar.ro\/#organization","name":"PersonaliDar","url":"https:\/\/personalidar.ro\/","logo":{"@type":"ImageObject","inLanguage":"hu","@id":"https:\/\/personalidar.ro\/#\/schema\/logo\/image\/","url":"https:\/\/personalidar.ro\/wp-content\/uploads\/2026\/02\/cropped-logo-200-1.png","contentUrl":"https:\/\/personalidar.ro\/wp-content\/uploads\/2026\/02\/cropped-logo-200-1.png","width":200,"height":115,"caption":"PersonaliDar"},"image":{"@id":"https:\/\/personalidar.ro\/#\/schema\/logo\/image\/"},"sameAs":["https:\/\/www.facebook.com\/personalidar.ro"]}]}},"_links":{"self":[{"href":"https:\/\/personalidar.ro\/hu\/wp-json\/wp\/v2\/product\/2839","targetHints":{"allow":["GET"]}}],"collection":[{"href":"https:\/\/personalidar.ro\/hu\/wp-json\/wp\/v2\/product"}],"about":[{"href":"https:\/\/personalidar.ro\/hu\/wp-json\/wp\/v2\/types\/product"}],"replies":[{"embeddable":true,"href":"https:\/\/personalidar.ro\/hu\/wp-json\/wp\/v2\/comments?post=2839"}],"wp:featuredmedia":[{"embeddable":true,"href":"https:\/\/personalidar.ro\/hu\/wp-json\/wp\/v2\/media\/2841"}],"wp:attachment":[{"href":"https:\/\/personalidar.ro\/hu\/wp-json\/wp\/v2\/media?parent=2839"}],"wp:term":[{"taxonomy":"product_brand","embeddable":true,"href":"https:\/\/personalidar.ro\/hu\/wp-json\/wp\/v2\/product_brand?post=2839"},{"taxonomy":"product_cat","embeddable":true,"href":"https:\/\/personalidar.ro\/hu\/wp-json\/wp\/v2\/product_cat?post=2839"},{"taxonomy":"product_tag","embeddable":true,"href":"https:\/\/personalidar.ro\/hu\/wp-json\/wp\/v2\/product_tag?post=2839"}],"curies":[{"name":"wp","href":"https:\/\/api.w.org\/{rel}","templated":true}]}}