{"id":2685,"date":"2026-03-22T16:55:32","date_gmt":"2026-03-22T16:55:32","guid":{"rendered":"https:\/\/personalidar.ro\/?post_type=product&#038;p=2685"},"modified":"2026-03-25T14:55:34","modified_gmt":"2026-03-25T14:55:34","slug":"magnet-inima-din-ceramica-personalizata","status":"publish","type":"product","link":"https:\/\/personalidar.ro\/hu\/produse\/magnet-inima-din-ceramica-personalizata\/","title":{"rendered":"Magnet inim\u0103 din ceramic\u0103 personalizat\u0103"},"content":{"rendered":"<div class=\"flex flex-col text-sm pb-25\">\n<section class=\"text-token-text-primary w-full focus:outline-none [--shadow-height:45px] has-data-writing-block:pointer-events-none has-data-writing-block:-mt-(--shadow-height) has-data-writing-block:pt-(--shadow-height) [&amp;:has([data-writing-block])&gt;*]:pointer-events-auto scroll-mt-[calc(var(--header-height)+min(200px,max(70px,20svh)))]\" dir=\"auto\" data-turn-id=\"request-WEB:866d6e9b-132b-4a55-89fb-c0c134130aa3-0\" data-testid=\"conversation-turn-2\" data-scroll-anchor=\"true\" data-turn=\"assistant\">\n<div class=\"text-base my-auto mx-auto pb-10 [--thread-content-margin:var(--thread-content-margin-xs,calc(var(--spacing)*4))] @w-sm\/main:[--thread-content-margin:var(--thread-content-margin-sm,calc(var(--spacing)*6))] @w-lg\/main:[--thread-content-margin:var(--thread-content-margin-lg,calc(var(--spacing)*16))] px-(--thread-content-margin)\">\n<div class=\"[--thread-content-max-width:40rem] @w-lg\/main:[--thread-content-max-width:48rem] mx-auto max-w-(--thread-content-max-width) flex-1 group\/turn-messages focus-visible:outline-hidden relative flex w-full min-w-0 flex-col agent-turn\">\n<div class=\"flex max-w-full flex-col gap-4 grow\">\n<div class=\"min-h-8 text-message relative flex w-full flex-col items-end gap-2 text-start break-words whitespace-normal outline-none keyboard-focused:focus-ring [.text-message+&amp;]:mt-1\" dir=\"auto\" data-message-author-role=\"assistant\" data-message-id=\"2bfcfc58-6117-488a-9200-f14a3147c024\" data-message-model-slug=\"gpt-5-3\" data-turn-start-message=\"true\">\n<div class=\"flex w-full flex-col gap-1 empty:hidden\">\n<div class=\"markdown prose dark:prose-invert w-full wrap-break-word dark markdown-new-styling\">\n<p data-start=\"184\" data-end=\"434\">Magnetul din ceramic\u0103 este un produs premium, perfect pentru realizarea de articole personalizate cu aspect elegant \u0219i durabil. Datorit\u0103 materialului rigid \u0219i finisajului de calitate, ofer\u0103 un rezultat profesional, cu imagini clare \u0219i culori intense.<\/p>\n<p data-start=\"436\" data-end=\"737\">Suprafa\u021ba este special tratat\u0103 pentru a permite imprimarea uniform\u0103 pe \u00eentreaga zon\u0103, asigur\u00e2nd detalii precise \u0219i un aspect lucios. Sistemul de prindere este realizat prin magnet aplicat pe partea din spate, oferind o fixare sigur\u0103 pe orice suprafa\u021b\u0103 metalic\u0103.<\/p>\n<p data-start=\"739\" data-end=\"937\">Materialul ceramic este rezistent la uzur\u0103 \u0219i \u00ee\u0219i p\u0103streaz\u0103 aspectul \u00een timp, fiind potrivit pentru utilizare zilnic\u0103 pe frigider sau alte suprafe\u021be metalice.<\/p>\n<hr data-start=\"939\" data-end=\"942\" \/>\n<h3 data-section-id=\"1mjp86v\" data-start=\"944\" data-end=\"974\">Caracteristici principale:<\/h3>\n<ul data-start=\"975\" data-end=\"1274\">\n<li data-section-id=\"1au8suv\" data-start=\"975\" data-end=\"1008\">Material: ceramic\u0103 rezistent\u0103<\/li>\n<li data-section-id=\"12n3d74\" data-start=\"1009\" data-end=\"1058\">Suprafa\u021b\u0103 neted\u0103, ideal\u0103 pentru personalizare<\/li>\n<li data-section-id=\"1xu3rog\" data-start=\"1059\" data-end=\"1100\">Finisaj lucios pentru culori vibrante<\/li>\n<li data-section-id=\"5demlz\" data-start=\"1101\" data-end=\"1151\">Sistem de prindere: magnet pe partea din spate<\/li>\n<li data-section-id=\"uk9fye\" data-start=\"1152\" data-end=\"1178\">Grosime: aprox. 0,4 cm<\/li>\n<li data-section-id=\"1p45br2\" data-start=\"1179\" data-end=\"1195\">Culoare: alb<\/li>\n<li data-section-id=\"10vyy8s\" data-start=\"1196\" data-end=\"1274\">Potrivit pentru imprimare full color<\/li>\n<\/ul>\n<hr data-start=\"1276\" data-end=\"1279\" \/>\n<h3 data-section-id=\"16y8kri\" data-start=\"1281\" data-end=\"1294\">Avantaje:<\/h3>\n<p data-start=\"1295\" data-end=\"1576\">\u2714 Aspect premium, mai elegant dec\u00e2t variantele flexibile<br data-start=\"1351\" data-end=\"1354\" \/>\u2714 Culori intense \u0219i detalii foarte clare<br data-start=\"1394\" data-end=\"1397\" \/>\u2714 Fixare sigur\u0103 pe suprafe\u021be metalice<br data-start=\"1434\" data-end=\"1437\" \/>\u2714 Rezistent \u00een timp, nu se deformeaz\u0103<br data-start=\"1474\" data-end=\"1477\" \/>\u2714 Ideal pentru cadouri, suveniruri sau produse promo\u021bionale<br data-start=\"1536\" data-end=\"1539\" \/>\u2714 Perfect pentru produc\u021bie \u00een serie<\/p>\n<\/div>\n<\/div>\n<\/div>\n<\/div>\n<\/div>\n<\/div>\n<\/section>\n<\/div>\n","protected":false},"excerpt":{"rendered":"<p data-start=\"57\" data-end=\"233\"><strong>Putem ad\u0103uga poz\u0103 \u0219i text, de exemplu numele persoanei, canal youtube, instagram, tiktok, etc . Folosi\u021bi formularul de mai jos.<\/strong><\/p>\n<p data-start=\"57\" data-end=\"233\"><strong>Pentru cantit\u0103\u021bi de peste 20 de buc\u0103\u021bi oferim reducere!<\/strong><\/p>","protected":false},"featured_media":2689,"comment_status":"open","ping_status":"closed","template":"","meta":[],"product_brand":[],"product_cat":[103,240,153],"product_tag":[241,157,192,235],"class_list":{"0":"post-2685","1":"product","2":"type-product","3":"status-publish","4":"has-post-thumbnail","6":"product_cat-horeca","7":"product_cat-magnet-frigider","8":"product_cat-produse-personalizabile","9":"product_tag-magnet-frigider","10":"product_tag-personalizabil","11":"product_tag-personalizat","12":"product_tag-suport-pahare","14":"first","15":"instock","16":"shipping-taxable","17":"purchasable","18":"product-type-simple"},"yoast_head":"<!-- This site is optimized with the Yoast SEO plugin v27.1.1 - https:\/\/yoast.com\/product\/yoast-seo-wordpress\/ -->\n<title>Magnet inim\u0103 din ceramic\u0103 personalizat\u0103 - PersonaliDar - Cadouri perfecte<\/title>\n<meta name=\"description\" content=\"Magnetul frigider ceramica este un produs clasic \u0219i foarte popular, perfect pentru realizarea de articole personalizate cu impact vizual.\" \/>\n<meta name=\"robots\" content=\"index, follow, max-snippet:-1, max-image-preview:large, max-video-preview:-1\" \/>\n<link rel=\"canonical\" href=\"https:\/\/personalidar.ro\/hu\/produse\/magnet-inima-din-ceramica-personalizata\/\" \/>\n<meta property=\"og:locale\" content=\"hu_HU\" \/>\n<meta property=\"og:type\" content=\"article\" \/>\n<meta property=\"og:title\" content=\"Magnet frigider personalizat ceramica\" \/>\n<meta property=\"og:description\" content=\"Magnetul frigider este un produs clasic \u0219i foarte popular, perfect pentru realizarea de articole personalizate cu impact vizual. Datorit\u0103 suprafe\u021bei speciale \u0219i finisajului de calitate, permite imprimarea unor imagini clare, cu culori intense \u0219i detalii bine definite.\" \/>\n<meta property=\"og:url\" content=\"https:\/\/personalidar.ro\/hu\/produse\/magnet-inima-din-ceramica-personalizata\/\" \/>\n<meta property=\"og:site_name\" content=\"PersonaliDar - Cadouri perfecte\" \/>\n<meta property=\"article:publisher\" content=\"https:\/\/www.facebook.com\/personalidar.ro\" \/>\n<meta property=\"article:modified_time\" content=\"2026-03-25T14:55:34+00:00\" \/>\n<meta property=\"og:image\" content=\"https:\/\/personalidar.ro\/wp-content\/uploads\/2026\/03\/Magnet-frigider-ceramica-sublimabil-inima-CFM2056_5_www.green-print.ro_.webp\" \/>\n\t<meta property=\"og:image:width\" content=\"1445\" \/>\n\t<meta property=\"og:image:height\" content=\"1445\" \/>\n\t<meta property=\"og:image:type\" content=\"image\/webp\" \/>\n<meta name=\"twitter:card\" content=\"summary_large_image\" \/>\n<meta name=\"twitter:label1\" content=\"Becs\u00fclt olvas\u00e1si id\u0151\" \/>\n\t<meta name=\"twitter:data1\" content=\"1 perc\" \/>\n<script type=\"application\/ld+json\" class=\"yoast-schema-graph\">{\"@context\":\"https:\/\/schema.org\",\"@graph\":[{\"@type\":\"WebPage\",\"@id\":\"https:\/\/personalidar.ro\/produse\/magnet-inima-din-ceramica-personalizata\/\",\"url\":\"https:\/\/personalidar.ro\/produse\/magnet-inima-din-ceramica-personalizata\/\",\"name\":\"Magnet inim\u0103 din ceramic\u0103 personalizat\u0103 - PersonaliDar - Cadouri perfecte\",\"isPartOf\":{\"@id\":\"https:\/\/personalidar.ro\/#website\"},\"primaryImageOfPage\":{\"@id\":\"https:\/\/personalidar.ro\/produse\/magnet-inima-din-ceramica-personalizata\/#primaryimage\"},\"image\":{\"@id\":\"https:\/\/personalidar.ro\/produse\/magnet-inima-din-ceramica-personalizata\/#primaryimage\"},\"thumbnailUrl\":\"https:\/\/personalidar.ro\/wp-content\/uploads\/2026\/03\/Magnet-frigider-ceramica-sublimabil-inima-CFM2056_5_www.green-print.ro_.webp\",\"datePublished\":\"2026-03-22T16:55:32+00:00\",\"dateModified\":\"2026-03-25T14:55:34+00:00\",\"description\":\"Magnetul frigider ceramica este un produs clasic \u0219i foarte popular, perfect pentru realizarea de articole personalizate cu impact vizual.\",\"breadcrumb\":{\"@id\":\"https:\/\/personalidar.ro\/produse\/magnet-inima-din-ceramica-personalizata\/#breadcrumb\"},\"inLanguage\":\"hu\",\"potentialAction\":[{\"@type\":\"ReadAction\",\"target\":[\"https:\/\/personalidar.ro\/produse\/magnet-inima-din-ceramica-personalizata\/\"]}]},{\"@type\":\"ImageObject\",\"inLanguage\":\"hu\",\"@id\":\"https:\/\/personalidar.ro\/produse\/magnet-inima-din-ceramica-personalizata\/#primaryimage\",\"url\":\"https:\/\/personalidar.ro\/wp-content\/uploads\/2026\/03\/Magnet-frigider-ceramica-sublimabil-inima-CFM2056_5_www.green-print.ro_.webp\",\"contentUrl\":\"https:\/\/personalidar.ro\/wp-content\/uploads\/2026\/03\/Magnet-frigider-ceramica-sublimabil-inima-CFM2056_5_www.green-print.ro_.webp\",\"width\":1445,\"height\":1445},{\"@type\":\"BreadcrumbList\",\"@id\":\"https:\/\/personalidar.ro\/produse\/magnet-inima-din-ceramica-personalizata\/#breadcrumb\",\"itemListElement\":[{\"@type\":\"ListItem\",\"position\":1,\"name\":\"Home\",\"item\":\"https:\/\/personalidar.ro\/\"},{\"@type\":\"ListItem\",\"position\":2,\"name\":\"Shop\",\"item\":\"https:\/\/personalidar.ro\/shop\/\"},{\"@type\":\"ListItem\",\"position\":3,\"name\":\"Magnet inim\u0103 din ceramic\u0103 personalizat\u0103\"}]},{\"@type\":\"WebSite\",\"@id\":\"https:\/\/personalidar.ro\/#website\",\"url\":\"https:\/\/personalidar.ro\/\",\"name\":\"PersonaliDar\",\"description\":\"Cadouri Mure\u0219\",\"publisher\":{\"@id\":\"https:\/\/personalidar.ro\/#organization\"},\"potentialAction\":[{\"@type\":\"SearchAction\",\"target\":{\"@type\":\"EntryPoint\",\"urlTemplate\":\"https:\/\/personalidar.ro\/?s={search_term_string}\"},\"query-input\":{\"@type\":\"PropertyValueSpecification\",\"valueRequired\":true,\"valueName\":\"search_term_string\"}}],\"inLanguage\":\"hu\"},{\"@type\":\"Organization\",\"@id\":\"https:\/\/personalidar.ro\/#organization\",\"name\":\"PersonaliDar\",\"url\":\"https:\/\/personalidar.ro\/\",\"logo\":{\"@type\":\"ImageObject\",\"inLanguage\":\"hu\",\"@id\":\"https:\/\/personalidar.ro\/#\/schema\/logo\/image\/\",\"url\":\"https:\/\/personalidar.ro\/wp-content\/uploads\/2026\/02\/cropped-logo-200-1.png\",\"contentUrl\":\"https:\/\/personalidar.ro\/wp-content\/uploads\/2026\/02\/cropped-logo-200-1.png\",\"width\":200,\"height\":115,\"caption\":\"PersonaliDar\"},\"image\":{\"@id\":\"https:\/\/personalidar.ro\/#\/schema\/logo\/image\/\"},\"sameAs\":[\"https:\/\/www.facebook.com\/personalidar.ro\"]}]}<\/script>\n<!-- \/ Yoast SEO plugin. -->","yoast_head_json":{"title":"Magnet inim\u0103 din ceramic\u0103 personalizat\u0103 - PersonaliDar - Cadouri perfecte","description":"Magnetul frigider ceramica este un produs clasic \u0219i foarte popular, perfect pentru realizarea de articole personalizate cu impact vizual.","robots":{"index":"index","follow":"follow","max-snippet":"max-snippet:-1","max-image-preview":"max-image-preview:large","max-video-preview":"max-video-preview:-1"},"canonical":"https:\/\/personalidar.ro\/hu\/produse\/magnet-inima-din-ceramica-personalizata\/","og_locale":"hu_HU","og_type":"article","og_title":"Magnet frigider personalizat ceramica","og_description":"Magnetul frigider este un produs clasic \u0219i foarte popular, perfect pentru realizarea de articole personalizate cu impact vizual. Datorit\u0103 suprafe\u021bei speciale \u0219i finisajului de calitate, permite imprimarea unor imagini clare, cu culori intense \u0219i detalii bine definite.","og_url":"https:\/\/personalidar.ro\/hu\/produse\/magnet-inima-din-ceramica-personalizata\/","og_site_name":"PersonaliDar - Cadouri perfecte","article_publisher":"https:\/\/www.facebook.com\/personalidar.ro","article_modified_time":"2026-03-25T14:55:34+00:00","og_image":[{"width":1445,"height":1445,"url":"https:\/\/personalidar.ro\/wp-content\/uploads\/2026\/03\/Magnet-frigider-ceramica-sublimabil-inima-CFM2056_5_www.green-print.ro_.webp","type":"image\/webp"}],"twitter_card":"summary_large_image","twitter_misc":{"Becs\u00fclt olvas\u00e1si id\u0151":"1 perc"},"schema":{"@context":"https:\/\/schema.org","@graph":[{"@type":"WebPage","@id":"https:\/\/personalidar.ro\/produse\/magnet-inima-din-ceramica-personalizata\/","url":"https:\/\/personalidar.ro\/produse\/magnet-inima-din-ceramica-personalizata\/","name":"Magnet inim\u0103 din ceramic\u0103 personalizat\u0103 - PersonaliDar - Cadouri perfecte","isPartOf":{"@id":"https:\/\/personalidar.ro\/#website"},"primaryImageOfPage":{"@id":"https:\/\/personalidar.ro\/produse\/magnet-inima-din-ceramica-personalizata\/#primaryimage"},"image":{"@id":"https:\/\/personalidar.ro\/produse\/magnet-inima-din-ceramica-personalizata\/#primaryimage"},"thumbnailUrl":"https:\/\/personalidar.ro\/wp-content\/uploads\/2026\/03\/Magnet-frigider-ceramica-sublimabil-inima-CFM2056_5_www.green-print.ro_.webp","datePublished":"2026-03-22T16:55:32+00:00","dateModified":"2026-03-25T14:55:34+00:00","description":"Magnetul frigider ceramica este un produs clasic \u0219i foarte popular, perfect pentru realizarea de articole personalizate cu impact vizual.","breadcrumb":{"@id":"https:\/\/personalidar.ro\/produse\/magnet-inima-din-ceramica-personalizata\/#breadcrumb"},"inLanguage":"hu","potentialAction":[{"@type":"ReadAction","target":["https:\/\/personalidar.ro\/produse\/magnet-inima-din-ceramica-personalizata\/"]}]},{"@type":"ImageObject","inLanguage":"hu","@id":"https:\/\/personalidar.ro\/produse\/magnet-inima-din-ceramica-personalizata\/#primaryimage","url":"https:\/\/personalidar.ro\/wp-content\/uploads\/2026\/03\/Magnet-frigider-ceramica-sublimabil-inima-CFM2056_5_www.green-print.ro_.webp","contentUrl":"https:\/\/personalidar.ro\/wp-content\/uploads\/2026\/03\/Magnet-frigider-ceramica-sublimabil-inima-CFM2056_5_www.green-print.ro_.webp","width":1445,"height":1445},{"@type":"BreadcrumbList","@id":"https:\/\/personalidar.ro\/produse\/magnet-inima-din-ceramica-personalizata\/#breadcrumb","itemListElement":[{"@type":"ListItem","position":1,"name":"Home","item":"https:\/\/personalidar.ro\/"},{"@type":"ListItem","position":2,"name":"Shop","item":"https:\/\/personalidar.ro\/shop\/"},{"@type":"ListItem","position":3,"name":"Magnet inim\u0103 din ceramic\u0103 personalizat\u0103"}]},{"@type":"WebSite","@id":"https:\/\/personalidar.ro\/#website","url":"https:\/\/personalidar.ro\/","name":"PersonaliDar","description":"Cadouri Mure\u0219","publisher":{"@id":"https:\/\/personalidar.ro\/#organization"},"potentialAction":[{"@type":"SearchAction","target":{"@type":"EntryPoint","urlTemplate":"https:\/\/personalidar.ro\/?s={search_term_string}"},"query-input":{"@type":"PropertyValueSpecification","valueRequired":true,"valueName":"search_term_string"}}],"inLanguage":"hu"},{"@type":"Organization","@id":"https:\/\/personalidar.ro\/#organization","name":"PersonaliDar","url":"https:\/\/personalidar.ro\/","logo":{"@type":"ImageObject","inLanguage":"hu","@id":"https:\/\/personalidar.ro\/#\/schema\/logo\/image\/","url":"https:\/\/personalidar.ro\/wp-content\/uploads\/2026\/02\/cropped-logo-200-1.png","contentUrl":"https:\/\/personalidar.ro\/wp-content\/uploads\/2026\/02\/cropped-logo-200-1.png","width":200,"height":115,"caption":"PersonaliDar"},"image":{"@id":"https:\/\/personalidar.ro\/#\/schema\/logo\/image\/"},"sameAs":["https:\/\/www.facebook.com\/personalidar.ro"]}]}},"_links":{"self":[{"href":"https:\/\/personalidar.ro\/hu\/wp-json\/wp\/v2\/product\/2685","targetHints":{"allow":["GET"]}}],"collection":[{"href":"https:\/\/personalidar.ro\/hu\/wp-json\/wp\/v2\/product"}],"about":[{"href":"https:\/\/personalidar.ro\/hu\/wp-json\/wp\/v2\/types\/product"}],"replies":[{"embeddable":true,"href":"https:\/\/personalidar.ro\/hu\/wp-json\/wp\/v2\/comments?post=2685"}],"wp:featuredmedia":[{"embeddable":true,"href":"https:\/\/personalidar.ro\/hu\/wp-json\/wp\/v2\/media\/2689"}],"wp:attachment":[{"href":"https:\/\/personalidar.ro\/hu\/wp-json\/wp\/v2\/media?parent=2685"}],"wp:term":[{"taxonomy":"product_brand","embeddable":true,"href":"https:\/\/personalidar.ro\/hu\/wp-json\/wp\/v2\/product_brand?post=2685"},{"taxonomy":"product_cat","embeddable":true,"href":"https:\/\/personalidar.ro\/hu\/wp-json\/wp\/v2\/product_cat?post=2685"},{"taxonomy":"product_tag","embeddable":true,"href":"https:\/\/personalidar.ro\/hu\/wp-json\/wp\/v2\/product_tag?post=2685"}],"curies":[{"name":"wp","href":"https:\/\/api.w.org\/{rel}","templated":true}]}}