{"id":2672,"date":"2026-03-22T16:40:55","date_gmt":"2026-03-22T16:40:55","guid":{"rendered":"https:\/\/personalidar.ro\/?post_type=product&#038;p=2672"},"modified":"2026-03-25T14:56:43","modified_gmt":"2026-03-25T14:56:43","slug":"magnet-frigider-in-forma-de-romania-personalizata","status":"publish","type":"product","link":"https:\/\/personalidar.ro\/hu\/produse\/magnet-frigider-in-forma-de-romania-personalizata\/","title":{"rendered":"Magnet frigider \u00een form\u0103 de Rom\u00e2nia \u2013 personalizat\u0103"},"content":{"rendered":"<div class=\"flex flex-col text-sm pb-25\">\n<section class=\"text-token-text-primary w-full focus:outline-none [--shadow-height:45px] has-data-writing-block:pointer-events-none has-data-writing-block:-mt-(--shadow-height) has-data-writing-block:pt-(--shadow-height) [&amp;:has([data-writing-block])&gt;*]:pointer-events-auto scroll-mt-[calc(var(--header-height)+min(200px,max(70px,20svh)))]\" dir=\"auto\" data-turn-id=\"request-WEB:866d6e9b-132b-4a55-89fb-c0c134130aa3-0\" data-testid=\"conversation-turn-2\" data-scroll-anchor=\"true\" data-turn=\"assistant\">\n<div class=\"text-base my-auto mx-auto pb-10 [--thread-content-margin:var(--thread-content-margin-xs,calc(var(--spacing)*4))] @w-sm\/main:[--thread-content-margin:var(--thread-content-margin-sm,calc(var(--spacing)*6))] @w-lg\/main:[--thread-content-margin:var(--thread-content-margin-lg,calc(var(--spacing)*16))] px-(--thread-content-margin)\">\n<div class=\"[--thread-content-max-width:40rem] @w-lg\/main:[--thread-content-max-width:48rem] mx-auto max-w-(--thread-content-max-width) flex-1 group\/turn-messages focus-visible:outline-hidden relative flex w-full min-w-0 flex-col agent-turn\">\n<div class=\"flex max-w-full flex-col gap-4 grow\">\n<div class=\"min-h-8 text-message relative flex w-full flex-col items-end gap-2 text-start break-words whitespace-normal outline-none keyboard-focused:focus-ring [.text-message+&amp;]:mt-1\" dir=\"auto\" data-message-author-role=\"assistant\" data-message-id=\"2bfcfc58-6117-488a-9200-f14a3147c024\" data-message-model-slug=\"gpt-5-3\" data-turn-start-message=\"true\">\n<div class=\"flex w-full flex-col gap-1 empty:hidden\">\n<div class=\"markdown prose dark:prose-invert w-full wrap-break-word dark markdown-new-styling\">\n<p data-start=\"160\" data-end=\"430\">Placheta din MDF \u00een form\u0103 de Rom\u00e2nia este un produs original \u0219i atractiv, perfect pentru realizarea de articole personalizate cu impact vizual. Designul unic o transform\u0103 \u00eentr-o alegere excelent\u0103 pentru suveniruri, cadouri sau produse promo\u021bionale cu tematic\u0103 na\u021bional\u0103.<\/p>\n<p data-start=\"432\" data-end=\"778\">Fabricat\u0103 din MDF (plac\u0103 fibrolemnoas\u0103 de densitate medie), ofer\u0103 o suprafa\u021b\u0103 fin\u0103 \u0219i uniform\u0103, ideal\u0103 pentru imprimarea de imagini clare, cu culori intense \u0219i detalii precise. Partea frontal\u0103 este tratat\u0103 pentru a permite o personalizare de calitate, iar finisajul asigur\u0103 un aspect pl\u0103cut \u0219i profesional.<\/p>\n<p data-start=\"780\" data-end=\"975\">Datorit\u0103 dimensiunii compacte \u0219i greut\u0103\u021bii reduse, este potrivit\u0103 pentru realizarea de magne\u021bi de frigider, decora\u021biuni sau produse personalizate \u00een serie.<\/p>\n<hr data-start=\"977\" data-end=\"980\" \/>\n<h3 data-section-id=\"1mjp86v\" data-start=\"982\" data-end=\"1012\">Caracteristici principale:<\/h3>\n<ul data-start=\"1013\" data-end=\"1296\">\n<li data-section-id=\"emeadb\" data-start=\"1013\" data-end=\"1055\">Material: MDF (fibra lemnoas\u0103 presat\u0103)<\/li>\n<li data-section-id=\"6g7uts\" data-start=\"1056\" data-end=\"1081\">Form\u0103: harta Rom\u00e2niei<\/li>\n<li data-section-id=\"1yooai1\" data-start=\"1082\" data-end=\"1133\">Suprafa\u021b\u0103 alb\u0103 pentru personalizare de calitate<\/li>\n<li data-section-id=\"cujzi0\" data-start=\"1134\" data-end=\"1169\">Dimensiune: aprox. 9,5 x 7,2 cm<\/li>\n<li data-section-id=\"xu61cx\" data-start=\"1170\" data-end=\"1196\">Grosime: aprox. 0,3 cm<\/li>\n<li data-section-id=\"1oob173\" data-start=\"1197\" data-end=\"1222\">Greutate: aprox. 10 g<\/li>\n<li data-section-id=\"fwnyvi\" data-start=\"1223\" data-end=\"1296\">Culori disponibile: alb \/ negru<\/li>\n<\/ul>\n<hr data-start=\"1298\" data-end=\"1301\" \/>\n<h3 data-section-id=\"16y8kri\" data-start=\"1303\" data-end=\"1316\">Avantaje:<\/h3>\n<p data-start=\"1317\" data-end=\"1562\">\u2714 Design unic, cu impact vizual<br data-start=\"1348\" data-end=\"1351\" \/>\u2714 Ideal pentru suveniruri \u0219i produse tematice<br data-start=\"1396\" data-end=\"1399\" \/>\u2714 U\u0219or \u0219i rezistent \u00een utilizare<\/p>\n<\/div>\n<\/div>\n<\/div>\n<\/div>\n<\/div>\n<\/div>\n<\/section>\n<\/div>\n","protected":false},"excerpt":{"rendered":"<p data-start=\"57\" data-end=\"233\"><strong>Putem ad\u0103uga poz\u0103 \u0219i text, de exemplu numele persoanei, canal youtube, instagram, tiktok, etc . Folosi\u021bi formularul de mai jos.<\/strong><\/p>\n<p data-start=\"57\" data-end=\"233\"><strong>Pentru cantit\u0103\u021bi de peste 20 de buc\u0103\u021bi oferim reducere!<\/strong><\/p>","protected":false},"featured_media":2673,"comment_status":"open","ping_status":"closed","template":"","meta":[],"product_brand":[],"product_cat":[103,240,153],"product_tag":[241,157,192,235],"class_list":{"0":"post-2672","1":"product","2":"type-product","3":"status-publish","4":"has-post-thumbnail","6":"product_cat-horeca","7":"product_cat-magnet-frigider","8":"product_cat-produse-personalizabile","9":"product_tag-magnet-frigider","10":"product_tag-personalizabil","11":"product_tag-personalizat","12":"product_tag-suport-pahare","14":"first","15":"instock","16":"shipping-taxable","17":"purchasable","18":"product-type-simple"},"yoast_head":"<!-- This site is optimized with the Yoast SEO plugin v27.1.1 - https:\/\/yoast.com\/product\/yoast-seo-wordpress\/ -->\n<title>Magnet frigider \u00een form\u0103 de Rom\u00e2nia \u2013 personalizat\u0103 - PersonaliDar - Cadouri perfecte<\/title>\n<meta name=\"description\" content=\"Magnet frigider \u00een form\u0103 de Rom\u00e2nia \u2013 ideal\u0103 pentru personalizare creativ\u0103\" \/>\n<meta name=\"robots\" content=\"index, follow, max-snippet:-1, max-image-preview:large, max-video-preview:-1\" \/>\n<link rel=\"canonical\" href=\"https:\/\/personalidar.ro\/hu\/produse\/magnet-frigider-in-forma-de-romania-personalizata\/\" \/>\n<meta property=\"og:locale\" content=\"hu_HU\" \/>\n<meta property=\"og:type\" content=\"article\" \/>\n<meta property=\"og:title\" content=\"Magnet frigider \u00een form\u0103 de Rom\u00e2nia \u2013 ideal\u0103 pentru personalizare creativ\u0103\" \/>\n<meta property=\"og:description\" content=\"Magnetul frigider este un produs clasic \u0219i foarte popular, perfect pentru realizarea de articole personalizate cu impact vizual. Datorit\u0103 suprafe\u021bei speciale \u0219i finisajului de calitate, permite imprimarea unor imagini clare, cu culori intense \u0219i detalii bine definite.\" \/>\n<meta property=\"og:url\" content=\"https:\/\/personalidar.ro\/hu\/produse\/magnet-frigider-in-forma-de-romania-personalizata\/\" \/>\n<meta property=\"og:site_name\" content=\"PersonaliDar - Cadouri perfecte\" \/>\n<meta property=\"article:publisher\" content=\"https:\/\/www.facebook.com\/personalidar.ro\" \/>\n<meta property=\"article:modified_time\" content=\"2026-03-25T14:56:43+00:00\" \/>\n<meta property=\"og:image\" content=\"https:\/\/personalidar.ro\/wp-content\/uploads\/2026\/03\/478.webp\" \/>\n\t<meta property=\"og:image:width\" content=\"700\" \/>\n\t<meta property=\"og:image:height\" content=\"700\" \/>\n\t<meta property=\"og:image:type\" content=\"image\/webp\" \/>\n<meta name=\"twitter:card\" content=\"summary_large_image\" \/>\n<meta name=\"twitter:label1\" content=\"Becs\u00fclt olvas\u00e1si id\u0151\" \/>\n\t<meta name=\"twitter:data1\" content=\"1 perc\" \/>\n<script type=\"application\/ld+json\" class=\"yoast-schema-graph\">{\"@context\":\"https:\/\/schema.org\",\"@graph\":[{\"@type\":\"WebPage\",\"@id\":\"https:\/\/personalidar.ro\/produse\/magnet-frigider-in-forma-de-romania-personalizata\/\",\"url\":\"https:\/\/personalidar.ro\/produse\/magnet-frigider-in-forma-de-romania-personalizata\/\",\"name\":\"Magnet frigider \u00een form\u0103 de Rom\u00e2nia \u2013 personalizat\u0103 - PersonaliDar - Cadouri perfecte\",\"isPartOf\":{\"@id\":\"https:\/\/personalidar.ro\/#website\"},\"primaryImageOfPage\":{\"@id\":\"https:\/\/personalidar.ro\/produse\/magnet-frigider-in-forma-de-romania-personalizata\/#primaryimage\"},\"image\":{\"@id\":\"https:\/\/personalidar.ro\/produse\/magnet-frigider-in-forma-de-romania-personalizata\/#primaryimage\"},\"thumbnailUrl\":\"https:\/\/personalidar.ro\/wp-content\/uploads\/2026\/03\/478.webp\",\"datePublished\":\"2026-03-22T16:40:55+00:00\",\"dateModified\":\"2026-03-25T14:56:43+00:00\",\"description\":\"Magnet frigider \u00een form\u0103 de Rom\u00e2nia \u2013 ideal\u0103 pentru personalizare creativ\u0103\",\"breadcrumb\":{\"@id\":\"https:\/\/personalidar.ro\/produse\/magnet-frigider-in-forma-de-romania-personalizata\/#breadcrumb\"},\"inLanguage\":\"hu\",\"potentialAction\":[{\"@type\":\"ReadAction\",\"target\":[\"https:\/\/personalidar.ro\/produse\/magnet-frigider-in-forma-de-romania-personalizata\/\"]}]},{\"@type\":\"ImageObject\",\"inLanguage\":\"hu\",\"@id\":\"https:\/\/personalidar.ro\/produse\/magnet-frigider-in-forma-de-romania-personalizata\/#primaryimage\",\"url\":\"https:\/\/personalidar.ro\/wp-content\/uploads\/2026\/03\/478.webp\",\"contentUrl\":\"https:\/\/personalidar.ro\/wp-content\/uploads\/2026\/03\/478.webp\",\"width\":700,\"height\":700},{\"@type\":\"BreadcrumbList\",\"@id\":\"https:\/\/personalidar.ro\/produse\/magnet-frigider-in-forma-de-romania-personalizata\/#breadcrumb\",\"itemListElement\":[{\"@type\":\"ListItem\",\"position\":1,\"name\":\"Home\",\"item\":\"https:\/\/personalidar.ro\/\"},{\"@type\":\"ListItem\",\"position\":2,\"name\":\"Shop\",\"item\":\"https:\/\/personalidar.ro\/shop\/\"},{\"@type\":\"ListItem\",\"position\":3,\"name\":\"Magnet frigider \u00een form\u0103 de Rom\u00e2nia \u2013 personalizat\u0103\"}]},{\"@type\":\"WebSite\",\"@id\":\"https:\/\/personalidar.ro\/#website\",\"url\":\"https:\/\/personalidar.ro\/\",\"name\":\"PersonaliDar\",\"description\":\"Cadouri Mure\u0219\",\"publisher\":{\"@id\":\"https:\/\/personalidar.ro\/#organization\"},\"potentialAction\":[{\"@type\":\"SearchAction\",\"target\":{\"@type\":\"EntryPoint\",\"urlTemplate\":\"https:\/\/personalidar.ro\/?s={search_term_string}\"},\"query-input\":{\"@type\":\"PropertyValueSpecification\",\"valueRequired\":true,\"valueName\":\"search_term_string\"}}],\"inLanguage\":\"hu\"},{\"@type\":\"Organization\",\"@id\":\"https:\/\/personalidar.ro\/#organization\",\"name\":\"PersonaliDar\",\"url\":\"https:\/\/personalidar.ro\/\",\"logo\":{\"@type\":\"ImageObject\",\"inLanguage\":\"hu\",\"@id\":\"https:\/\/personalidar.ro\/#\/schema\/logo\/image\/\",\"url\":\"https:\/\/personalidar.ro\/wp-content\/uploads\/2026\/02\/cropped-logo-200-1.png\",\"contentUrl\":\"https:\/\/personalidar.ro\/wp-content\/uploads\/2026\/02\/cropped-logo-200-1.png\",\"width\":200,\"height\":115,\"caption\":\"PersonaliDar\"},\"image\":{\"@id\":\"https:\/\/personalidar.ro\/#\/schema\/logo\/image\/\"},\"sameAs\":[\"https:\/\/www.facebook.com\/personalidar.ro\"]}]}<\/script>\n<!-- \/ Yoast SEO plugin. -->","yoast_head_json":{"title":"Magnet frigider \u00een form\u0103 de Rom\u00e2nia \u2013 personalizat\u0103 - PersonaliDar - Cadouri perfecte","description":"Magnet frigider \u00een form\u0103 de Rom\u00e2nia \u2013 ideal\u0103 pentru personalizare creativ\u0103","robots":{"index":"index","follow":"follow","max-snippet":"max-snippet:-1","max-image-preview":"max-image-preview:large","max-video-preview":"max-video-preview:-1"},"canonical":"https:\/\/personalidar.ro\/hu\/produse\/magnet-frigider-in-forma-de-romania-personalizata\/","og_locale":"hu_HU","og_type":"article","og_title":"Magnet frigider \u00een form\u0103 de Rom\u00e2nia \u2013 ideal\u0103 pentru personalizare creativ\u0103","og_description":"Magnetul frigider este un produs clasic \u0219i foarte popular, perfect pentru realizarea de articole personalizate cu impact vizual. Datorit\u0103 suprafe\u021bei speciale \u0219i finisajului de calitate, permite imprimarea unor imagini clare, cu culori intense \u0219i detalii bine definite.","og_url":"https:\/\/personalidar.ro\/hu\/produse\/magnet-frigider-in-forma-de-romania-personalizata\/","og_site_name":"PersonaliDar - Cadouri perfecte","article_publisher":"https:\/\/www.facebook.com\/personalidar.ro","article_modified_time":"2026-03-25T14:56:43+00:00","og_image":[{"width":700,"height":700,"url":"https:\/\/personalidar.ro\/wp-content\/uploads\/2026\/03\/478.webp","type":"image\/webp"}],"twitter_card":"summary_large_image","twitter_misc":{"Becs\u00fclt olvas\u00e1si id\u0151":"1 perc"},"schema":{"@context":"https:\/\/schema.org","@graph":[{"@type":"WebPage","@id":"https:\/\/personalidar.ro\/produse\/magnet-frigider-in-forma-de-romania-personalizata\/","url":"https:\/\/personalidar.ro\/produse\/magnet-frigider-in-forma-de-romania-personalizata\/","name":"Magnet frigider \u00een form\u0103 de Rom\u00e2nia \u2013 personalizat\u0103 - PersonaliDar - Cadouri perfecte","isPartOf":{"@id":"https:\/\/personalidar.ro\/#website"},"primaryImageOfPage":{"@id":"https:\/\/personalidar.ro\/produse\/magnet-frigider-in-forma-de-romania-personalizata\/#primaryimage"},"image":{"@id":"https:\/\/personalidar.ro\/produse\/magnet-frigider-in-forma-de-romania-personalizata\/#primaryimage"},"thumbnailUrl":"https:\/\/personalidar.ro\/wp-content\/uploads\/2026\/03\/478.webp","datePublished":"2026-03-22T16:40:55+00:00","dateModified":"2026-03-25T14:56:43+00:00","description":"Magnet frigider \u00een form\u0103 de Rom\u00e2nia \u2013 ideal\u0103 pentru personalizare creativ\u0103","breadcrumb":{"@id":"https:\/\/personalidar.ro\/produse\/magnet-frigider-in-forma-de-romania-personalizata\/#breadcrumb"},"inLanguage":"hu","potentialAction":[{"@type":"ReadAction","target":["https:\/\/personalidar.ro\/produse\/magnet-frigider-in-forma-de-romania-personalizata\/"]}]},{"@type":"ImageObject","inLanguage":"hu","@id":"https:\/\/personalidar.ro\/produse\/magnet-frigider-in-forma-de-romania-personalizata\/#primaryimage","url":"https:\/\/personalidar.ro\/wp-content\/uploads\/2026\/03\/478.webp","contentUrl":"https:\/\/personalidar.ro\/wp-content\/uploads\/2026\/03\/478.webp","width":700,"height":700},{"@type":"BreadcrumbList","@id":"https:\/\/personalidar.ro\/produse\/magnet-frigider-in-forma-de-romania-personalizata\/#breadcrumb","itemListElement":[{"@type":"ListItem","position":1,"name":"Home","item":"https:\/\/personalidar.ro\/"},{"@type":"ListItem","position":2,"name":"Shop","item":"https:\/\/personalidar.ro\/shop\/"},{"@type":"ListItem","position":3,"name":"Magnet frigider \u00een form\u0103 de Rom\u00e2nia \u2013 personalizat\u0103"}]},{"@type":"WebSite","@id":"https:\/\/personalidar.ro\/#website","url":"https:\/\/personalidar.ro\/","name":"PersonaliDar","description":"Cadouri Mure\u0219","publisher":{"@id":"https:\/\/personalidar.ro\/#organization"},"potentialAction":[{"@type":"SearchAction","target":{"@type":"EntryPoint","urlTemplate":"https:\/\/personalidar.ro\/?s={search_term_string}"},"query-input":{"@type":"PropertyValueSpecification","valueRequired":true,"valueName":"search_term_string"}}],"inLanguage":"hu"},{"@type":"Organization","@id":"https:\/\/personalidar.ro\/#organization","name":"PersonaliDar","url":"https:\/\/personalidar.ro\/","logo":{"@type":"ImageObject","inLanguage":"hu","@id":"https:\/\/personalidar.ro\/#\/schema\/logo\/image\/","url":"https:\/\/personalidar.ro\/wp-content\/uploads\/2026\/02\/cropped-logo-200-1.png","contentUrl":"https:\/\/personalidar.ro\/wp-content\/uploads\/2026\/02\/cropped-logo-200-1.png","width":200,"height":115,"caption":"PersonaliDar"},"image":{"@id":"https:\/\/personalidar.ro\/#\/schema\/logo\/image\/"},"sameAs":["https:\/\/www.facebook.com\/personalidar.ro"]}]}},"_links":{"self":[{"href":"https:\/\/personalidar.ro\/hu\/wp-json\/wp\/v2\/product\/2672","targetHints":{"allow":["GET"]}}],"collection":[{"href":"https:\/\/personalidar.ro\/hu\/wp-json\/wp\/v2\/product"}],"about":[{"href":"https:\/\/personalidar.ro\/hu\/wp-json\/wp\/v2\/types\/product"}],"replies":[{"embeddable":true,"href":"https:\/\/personalidar.ro\/hu\/wp-json\/wp\/v2\/comments?post=2672"}],"wp:featuredmedia":[{"embeddable":true,"href":"https:\/\/personalidar.ro\/hu\/wp-json\/wp\/v2\/media\/2673"}],"wp:attachment":[{"href":"https:\/\/personalidar.ro\/hu\/wp-json\/wp\/v2\/media?parent=2672"}],"wp:term":[{"taxonomy":"product_brand","embeddable":true,"href":"https:\/\/personalidar.ro\/hu\/wp-json\/wp\/v2\/product_brand?post=2672"},{"taxonomy":"product_cat","embeddable":true,"href":"https:\/\/personalidar.ro\/hu\/wp-json\/wp\/v2\/product_cat?post=2672"},{"taxonomy":"product_tag","embeddable":true,"href":"https:\/\/personalidar.ro\/hu\/wp-json\/wp\/v2\/product_tag?post=2672"}],"curies":[{"name":"wp","href":"https:\/\/api.w.org\/{rel}","templated":true}]}}