{"id":1657,"date":"2026-03-10T16:53:41","date_gmt":"2026-03-10T16:53:41","guid":{"rendered":"https:\/\/personalidar.ro\/new\/?post_type=product&#038;p=1657"},"modified":"2026-04-03T09:26:01","modified_gmt":"2026-04-03T09:26:01","slug":"tricou-de-tricou-din-bumbac-100-unisex","status":"publish","type":"product","link":"https:\/\/personalidar.ro\/hu\/produse\/tricou-de-tricou-din-bumbac-100-unisex\/","title":{"rendered":"Tricou de ziua mea&#8230; &#8211; Tricou din bumbac 100% &#8211; Unisex"},"content":{"rendered":"<p data-path-to-node=\"7\">Tricoul din bumbac este o pies\u0103 esen\u021bial\u0103 \u00een orice garderob\u0103, iar varianta noastr\u0103 personalizat\u0103 adaug\u0103 acel plus de identitate de care ai nevoie. Fie c\u0103 vrei s\u0103 \u00ee\u021bi promovezi afacerea, s\u0103 creezi o unitate vizual\u0103 \u00een echipa ta sau s\u0103 oferi un cadou cu un mesaj special, acest tricou \u00eembin\u0103 confortul natural cu o personalizare de precizie.<\/p>\n<p data-path-to-node=\"8\"><b data-path-to-node=\"8\" data-index-in-node=\"0\">De ce s\u0103 alegi acest tricou personalizat?<\/b><\/p>\n<ul data-path-to-node=\"9\">\n<li>\n<p data-path-to-node=\"9,0,0\"><b data-path-to-node=\"9,0,0\" data-index-in-node=\"0\">Confort natural:<\/b> Fabricat din bumbac 100%, materialul las\u0103 pielea s\u0103 respire, fiind ideal pentru purtare zilnic\u0103, indiferent de anotimp.<\/p>\n<\/li>\n<li>\n<p data-path-to-node=\"9,2,0\"><b data-path-to-node=\"9,2,0\" data-index-in-node=\"0\">Croial\u0103 versatil\u0103:<\/b> Designul modern \u0219i cus\u0103turile rezistente fac ca acest tricou s\u0103 se a\u0219eze bine pe orice siluet\u0103, p\u0103str\u00e2ndu-\u0219i forma \u00een timp.<\/p>\n<\/li>\n<li>\n<p data-path-to-node=\"9,3,0\"><b data-path-to-node=\"9,3,0\" data-index-in-node=\"0\">Ideal pentru Branding:<\/b> Este alegerea num\u0103rul unu pentru firmele care doresc s\u0103 \u00ee\u0219i imprime logo-ul pe echipamentele angaja\u021bilor, oferind o imagine sobr\u0103 \u0219i de \u00eencredere.<\/p>\n<\/li>\n<\/ul>\n<p data-path-to-node=\"10\"><b data-path-to-node=\"10\" data-index-in-node=\"0\">Specifica\u021bii tehnice:<\/b><\/p>\n<ul data-path-to-node=\"11\">\n<li>\n<p data-path-to-node=\"11,0,0\"><b data-path-to-node=\"11,0,0\" data-index-in-node=\"0\">Material:<\/b> 100% Bumbac (soft touch).<\/p>\n<\/li>\n<li>\n<p data-path-to-node=\"11,2,0\"><b data-path-to-node=\"11,2,0\" data-index-in-node=\"0\">Metod\u0103 personalizare:<\/b> Vinil ultra sub\u021bire \u0219i durabil (recomandat pentru logouri sau mesaje text)..<\/p>\n<\/li>\n<li>\n<p data-path-to-node=\"11,4,0\"><b data-path-to-node=\"11,4,0\" data-index-in-node=\"0\">\u00centre\u021binere:<\/b> Se spal\u0103 pe dos, la maximum 30-40\u00b0C, pentru a proteja intensitatea culorilor \u0219i integritatea imprimeului.<\/p>\n<\/li>\n<\/ul>\n<p data-path-to-node=\"12\"><i data-path-to-node=\"12\" data-index-in-node=\"27\">\u00a0<\/i><\/p>\n<div class=\"\">Material tricou: 100% bumbac<br \/>\nGreutate material: 165 g\/m2<br \/>\nCroiala clasica, fara cusaturi laterale<br \/>\nGuler rotund, la baza gatului<br \/>\nHeather Grey: 97% bumbac, 3% poliester<br \/>\nAsh: 99% bumbac, 1% poliester<br \/>\nAlte culori Heather: 50% bumbac, 50% poliester<\/div>","protected":false},"excerpt":{"rendered":"<p>Poart\u0103-\u021bi ideile sau brandul cu m\u00e2ndrie! Acest tricou din bumbac moale \u0219i rezistent este suportul ideal pentru un design minimalist \u0219i de impact.<\/p>","protected":false},"featured_media":2907,"comment_status":"open","ping_status":"closed","template":"","meta":[],"product_brand":[],"product_cat":[127,44],"product_tag":[124,128],"class_list":{"0":"post-1657","1":"product","2":"type-product","3":"status-publish","4":"has-post-thumbnail","6":"product_cat-zile-de-nastere","7":"product_cat-tricouri","8":"product_tag-tricou","9":"product_tag-tricou-pentru-zi-de-nastere","11":"first","12":"instock","13":"shipping-taxable","14":"purchasable","15":"product-type-variable"},"yoast_head":"<!-- This site is optimized with the Yoast SEO plugin v27.1.1 - https:\/\/yoast.com\/product\/yoast-seo-wordpress\/ -->\n<title>Tricou de ziua mea... - Tricou din bumbac 100% - Unisex - PersonaliDar - Cadouri perfecte<\/title>\n<meta name=\"description\" content=\"Tricou haios pentru zile de na\u0219tere\" \/>\n<meta name=\"robots\" content=\"index, follow, max-snippet:-1, max-image-preview:large, max-video-preview:-1\" \/>\n<link rel=\"canonical\" href=\"https:\/\/personalidar.ro\/hu\/produse\/tricou-de-tricou-din-bumbac-100-unisex\/\" \/>\n<meta property=\"og:locale\" content=\"hu_HU\" \/>\n<meta property=\"og:type\" content=\"article\" \/>\n<meta property=\"og:title\" content=\"Tricou de c@cat , primit de ziua mea\" \/>\n<meta property=\"og:description\" content=\"Tricou haios pentru zile de na\u0219tere!\" \/>\n<meta property=\"og:url\" content=\"https:\/\/personalidar.ro\/hu\/produse\/tricou-de-tricou-din-bumbac-100-unisex\/\" \/>\n<meta property=\"og:site_name\" content=\"PersonaliDar - Cadouri perfecte\" \/>\n<meta property=\"article:publisher\" content=\"https:\/\/www.facebook.com\/personalidar.ro\" \/>\n<meta property=\"article:modified_time\" content=\"2026-04-03T09:26:01+00:00\" \/>\n<meta property=\"og:image\" content=\"https:\/\/personalidar.ro\/wp-content\/uploads\/2026\/03\/tricou-de-2-alb-femei-nagyitva.jpg\" \/>\n\t<meta property=\"og:image:width\" content=\"800\" \/>\n\t<meta property=\"og:image:height\" content=\"800\" \/>\n\t<meta property=\"og:image:type\" content=\"image\/jpeg\" \/>\n<meta name=\"twitter:card\" content=\"summary_large_image\" \/>\n<meta name=\"twitter:label1\" content=\"Becs\u00fclt olvas\u00e1si id\u0151\" \/>\n\t<meta name=\"twitter:data1\" content=\"2 perc\" \/>\n<script type=\"application\/ld+json\" class=\"yoast-schema-graph\">{\"@context\":\"https:\/\/schema.org\",\"@graph\":[{\"@type\":\"WebPage\",\"@id\":\"https:\/\/personalidar.ro\/produse\/tricou-de-tricou-din-bumbac-100-unisex\/\",\"url\":\"https:\/\/personalidar.ro\/produse\/tricou-de-tricou-din-bumbac-100-unisex\/\",\"name\":\"Tricou de ziua mea... - Tricou din bumbac 100% - Unisex - PersonaliDar - Cadouri perfecte\",\"isPartOf\":{\"@id\":\"https:\/\/personalidar.ro\/#website\"},\"primaryImageOfPage\":{\"@id\":\"https:\/\/personalidar.ro\/produse\/tricou-de-tricou-din-bumbac-100-unisex\/#primaryimage\"},\"image\":{\"@id\":\"https:\/\/personalidar.ro\/produse\/tricou-de-tricou-din-bumbac-100-unisex\/#primaryimage\"},\"thumbnailUrl\":\"https:\/\/personalidar.ro\/wp-content\/uploads\/2026\/03\/tricou-de-2-alb-femei-nagyitva.jpg\",\"datePublished\":\"2026-03-10T16:53:41+00:00\",\"dateModified\":\"2026-04-03T09:26:01+00:00\",\"description\":\"Tricou haios pentru zile de na\u0219tere\",\"breadcrumb\":{\"@id\":\"https:\/\/personalidar.ro\/produse\/tricou-de-tricou-din-bumbac-100-unisex\/#breadcrumb\"},\"inLanguage\":\"hu\",\"potentialAction\":[{\"@type\":\"ReadAction\",\"target\":[\"https:\/\/personalidar.ro\/produse\/tricou-de-tricou-din-bumbac-100-unisex\/\"]}]},{\"@type\":\"ImageObject\",\"inLanguage\":\"hu\",\"@id\":\"https:\/\/personalidar.ro\/produse\/tricou-de-tricou-din-bumbac-100-unisex\/#primaryimage\",\"url\":\"https:\/\/personalidar.ro\/wp-content\/uploads\/2026\/03\/tricou-de-2-alb-femei-nagyitva.jpg\",\"contentUrl\":\"https:\/\/personalidar.ro\/wp-content\/uploads\/2026\/03\/tricou-de-2-alb-femei-nagyitva.jpg\",\"width\":800,\"height\":800},{\"@type\":\"BreadcrumbList\",\"@id\":\"https:\/\/personalidar.ro\/produse\/tricou-de-tricou-din-bumbac-100-unisex\/#breadcrumb\",\"itemListElement\":[{\"@type\":\"ListItem\",\"position\":1,\"name\":\"Home\",\"item\":\"https:\/\/personalidar.ro\/\"},{\"@type\":\"ListItem\",\"position\":2,\"name\":\"Shop\",\"item\":\"https:\/\/personalidar.ro\/shop\/\"},{\"@type\":\"ListItem\",\"position\":3,\"name\":\"Tricou de ziua mea&#8230; &#8211; Tricou din bumbac 100% &#8211; Unisex\"}]},{\"@type\":\"WebSite\",\"@id\":\"https:\/\/personalidar.ro\/#website\",\"url\":\"https:\/\/personalidar.ro\/\",\"name\":\"PersonaliDar\",\"description\":\"Cadouri Mure\u0219\",\"publisher\":{\"@id\":\"https:\/\/personalidar.ro\/#organization\"},\"potentialAction\":[{\"@type\":\"SearchAction\",\"target\":{\"@type\":\"EntryPoint\",\"urlTemplate\":\"https:\/\/personalidar.ro\/?s={search_term_string}\"},\"query-input\":{\"@type\":\"PropertyValueSpecification\",\"valueRequired\":true,\"valueName\":\"search_term_string\"}}],\"inLanguage\":\"hu\"},{\"@type\":\"Organization\",\"@id\":\"https:\/\/personalidar.ro\/#organization\",\"name\":\"PersonaliDar\",\"url\":\"https:\/\/personalidar.ro\/\",\"logo\":{\"@type\":\"ImageObject\",\"inLanguage\":\"hu\",\"@id\":\"https:\/\/personalidar.ro\/#\/schema\/logo\/image\/\",\"url\":\"https:\/\/personalidar.ro\/wp-content\/uploads\/2026\/02\/cropped-logo-200-1.png\",\"contentUrl\":\"https:\/\/personalidar.ro\/wp-content\/uploads\/2026\/02\/cropped-logo-200-1.png\",\"width\":200,\"height\":115,\"caption\":\"PersonaliDar\"},\"image\":{\"@id\":\"https:\/\/personalidar.ro\/#\/schema\/logo\/image\/\"},\"sameAs\":[\"https:\/\/www.facebook.com\/personalidar.ro\"]}]}<\/script>\n<!-- \/ Yoast SEO plugin. -->","yoast_head_json":{"title":"Tricou de ziua mea... - Tricou din bumbac 100% - Unisex - PersonaliDar - Cadouri perfecte","description":"Tricou haios pentru zile de na\u0219tere","robots":{"index":"index","follow":"follow","max-snippet":"max-snippet:-1","max-image-preview":"max-image-preview:large","max-video-preview":"max-video-preview:-1"},"canonical":"https:\/\/personalidar.ro\/hu\/produse\/tricou-de-tricou-din-bumbac-100-unisex\/","og_locale":"hu_HU","og_type":"article","og_title":"Tricou de c@cat , primit de ziua mea","og_description":"Tricou haios pentru zile de na\u0219tere!","og_url":"https:\/\/personalidar.ro\/hu\/produse\/tricou-de-tricou-din-bumbac-100-unisex\/","og_site_name":"PersonaliDar - Cadouri perfecte","article_publisher":"https:\/\/www.facebook.com\/personalidar.ro","article_modified_time":"2026-04-03T09:26:01+00:00","og_image":[{"width":800,"height":800,"url":"https:\/\/personalidar.ro\/wp-content\/uploads\/2026\/03\/tricou-de-2-alb-femei-nagyitva.jpg","type":"image\/jpeg"}],"twitter_card":"summary_large_image","twitter_misc":{"Becs\u00fclt olvas\u00e1si id\u0151":"2 perc"},"schema":{"@context":"https:\/\/schema.org","@graph":[{"@type":"WebPage","@id":"https:\/\/personalidar.ro\/produse\/tricou-de-tricou-din-bumbac-100-unisex\/","url":"https:\/\/personalidar.ro\/produse\/tricou-de-tricou-din-bumbac-100-unisex\/","name":"Tricou de ziua mea... - Tricou din bumbac 100% - Unisex - PersonaliDar - Cadouri perfecte","isPartOf":{"@id":"https:\/\/personalidar.ro\/#website"},"primaryImageOfPage":{"@id":"https:\/\/personalidar.ro\/produse\/tricou-de-tricou-din-bumbac-100-unisex\/#primaryimage"},"image":{"@id":"https:\/\/personalidar.ro\/produse\/tricou-de-tricou-din-bumbac-100-unisex\/#primaryimage"},"thumbnailUrl":"https:\/\/personalidar.ro\/wp-content\/uploads\/2026\/03\/tricou-de-2-alb-femei-nagyitva.jpg","datePublished":"2026-03-10T16:53:41+00:00","dateModified":"2026-04-03T09:26:01+00:00","description":"Tricou haios pentru zile de na\u0219tere","breadcrumb":{"@id":"https:\/\/personalidar.ro\/produse\/tricou-de-tricou-din-bumbac-100-unisex\/#breadcrumb"},"inLanguage":"hu","potentialAction":[{"@type":"ReadAction","target":["https:\/\/personalidar.ro\/produse\/tricou-de-tricou-din-bumbac-100-unisex\/"]}]},{"@type":"ImageObject","inLanguage":"hu","@id":"https:\/\/personalidar.ro\/produse\/tricou-de-tricou-din-bumbac-100-unisex\/#primaryimage","url":"https:\/\/personalidar.ro\/wp-content\/uploads\/2026\/03\/tricou-de-2-alb-femei-nagyitva.jpg","contentUrl":"https:\/\/personalidar.ro\/wp-content\/uploads\/2026\/03\/tricou-de-2-alb-femei-nagyitva.jpg","width":800,"height":800},{"@type":"BreadcrumbList","@id":"https:\/\/personalidar.ro\/produse\/tricou-de-tricou-din-bumbac-100-unisex\/#breadcrumb","itemListElement":[{"@type":"ListItem","position":1,"name":"Home","item":"https:\/\/personalidar.ro\/"},{"@type":"ListItem","position":2,"name":"Shop","item":"https:\/\/personalidar.ro\/shop\/"},{"@type":"ListItem","position":3,"name":"Tricou de ziua mea&#8230; &#8211; Tricou din bumbac 100% &#8211; Unisex"}]},{"@type":"WebSite","@id":"https:\/\/personalidar.ro\/#website","url":"https:\/\/personalidar.ro\/","name":"PersonaliDar","description":"Cadouri Mure\u0219","publisher":{"@id":"https:\/\/personalidar.ro\/#organization"},"potentialAction":[{"@type":"SearchAction","target":{"@type":"EntryPoint","urlTemplate":"https:\/\/personalidar.ro\/?s={search_term_string}"},"query-input":{"@type":"PropertyValueSpecification","valueRequired":true,"valueName":"search_term_string"}}],"inLanguage":"hu"},{"@type":"Organization","@id":"https:\/\/personalidar.ro\/#organization","name":"PersonaliDar","url":"https:\/\/personalidar.ro\/","logo":{"@type":"ImageObject","inLanguage":"hu","@id":"https:\/\/personalidar.ro\/#\/schema\/logo\/image\/","url":"https:\/\/personalidar.ro\/wp-content\/uploads\/2026\/02\/cropped-logo-200-1.png","contentUrl":"https:\/\/personalidar.ro\/wp-content\/uploads\/2026\/02\/cropped-logo-200-1.png","width":200,"height":115,"caption":"PersonaliDar"},"image":{"@id":"https:\/\/personalidar.ro\/#\/schema\/logo\/image\/"},"sameAs":["https:\/\/www.facebook.com\/personalidar.ro"]}]}},"_links":{"self":[{"href":"https:\/\/personalidar.ro\/hu\/wp-json\/wp\/v2\/product\/1657","targetHints":{"allow":["GET"]}}],"collection":[{"href":"https:\/\/personalidar.ro\/hu\/wp-json\/wp\/v2\/product"}],"about":[{"href":"https:\/\/personalidar.ro\/hu\/wp-json\/wp\/v2\/types\/product"}],"replies":[{"embeddable":true,"href":"https:\/\/personalidar.ro\/hu\/wp-json\/wp\/v2\/comments?post=1657"}],"wp:featuredmedia":[{"embeddable":true,"href":"https:\/\/personalidar.ro\/hu\/wp-json\/wp\/v2\/media\/2907"}],"wp:attachment":[{"href":"https:\/\/personalidar.ro\/hu\/wp-json\/wp\/v2\/media?parent=1657"}],"wp:term":[{"taxonomy":"product_brand","embeddable":true,"href":"https:\/\/personalidar.ro\/hu\/wp-json\/wp\/v2\/product_brand?post=1657"},{"taxonomy":"product_cat","embeddable":true,"href":"https:\/\/personalidar.ro\/hu\/wp-json\/wp\/v2\/product_cat?post=1657"},{"taxonomy":"product_tag","embeddable":true,"href":"https:\/\/personalidar.ro\/hu\/wp-json\/wp\/v2\/product_tag?post=1657"}],"curies":[{"name":"wp","href":"https:\/\/api.w.org\/{rel}","templated":true}]}}