{"id":1399,"date":"2026-03-08T21:12:26","date_gmt":"2026-03-08T21:12:26","guid":{"rendered":"https:\/\/personalidar.ro\/new\/?post_type=product&#038;p=1399"},"modified":"2026-03-25T14:40:00","modified_gmt":"2026-03-25T14:40:00","slug":"cana-termosensibila-albastra-ceramica-personalizata-350-ml-cu-cutie-individuala","status":"publish","type":"product","link":"https:\/\/personalidar.ro\/hu\/produse\/cana-termosensibila-albastra-ceramica-personalizata-350-ml-cu-cutie-individuala\/","title":{"rendered":"Can\u0103 termosensibil\u0103 albastr\u0103, ceramic\u0103 personalizat\u0103 \u2013 350 ml, cu cutie individual\u0103"},"content":{"rendered":"<p data-start=\"592\" data-end=\"941\">Can\u0103 ceramic\u0103 termosensibil\u0103 albastru mat, ideal\u0103 pentru realizarea de cadouri personalizate cu efect surpriz\u0103. La prima vedere cana are o culoare uniform\u0103, \u00eens\u0103 atunci c\u00e2nd este turnat\u0103 o b\u0103utur\u0103 fierbinte, stratul termosensibil devine transparent \u0219i dezv\u0103luie imaginea, fotografia sau mesajul imprimat pe can\u0103.<\/p>\n<p data-start=\"943\" data-end=\"1209\">Acest efect spectaculos transform\u0103 fiecare can\u0103 \u00eentr-un cadou original \u0219i memorabil, perfect pentru anivers\u0103ri, Valentine\u2019s Day, Cr\u0103ciun sau alte ocazii speciale. De asemenea, este o alegere excelent\u0103 pentru produse promo\u021bionale personalizate cu logo-ul companiei.<\/p>\n<p data-start=\"1211\" data-end=\"1556\">Cana este realizat\u0103 din ceramic\u0103 de calitate \u0219i are o capacitate standard de aproximativ <strong data-start=\"1300\" data-end=\"1318\">350 ml (11 oz)<\/strong>, fiind potrivit\u0103 pentru utilizarea zilnic\u0103 acas\u0103 sau la birou. Produsul vine ambalat \u00een <strong data-start=\"1407\" data-end=\"1439\">cutie individual\u0103 din carton<\/strong>, ceea ce \u00eel face ideal pentru transport sau pentru a fi oferit direct cadou.<\/p>\n<h3 data-section-id=\"19wvqvu\" data-start=\"1558\" data-end=\"1576\">Caracteristici<\/h3>\n<ul data-start=\"1577\" data-end=\"2088\">\n<li data-section-id=\"htomq0\" data-start=\"1577\" data-end=\"1599\">\n<p data-start=\"1579\" data-end=\"1599\">Material: ceramic\u0103<\/p>\n<\/li>\n<li data-section-id=\"1nxl5kc\" data-start=\"1600\" data-end=\"1643\">\n<p data-start=\"1602\" data-end=\"1643\">Culoare: albastru mat (efect termosensibil)<\/p>\n<\/li>\n<li data-section-id=\"1fm5ama\" data-start=\"1644\" data-end=\"1678\">\n<p data-start=\"1646\" data-end=\"1678\">Capacitate: aproximativ 350 ml<\/p>\n<\/li>\n<li data-section-id=\"15s9dmf\" data-start=\"1679\" data-end=\"1711\">\n<p data-start=\"1681\" data-end=\"1711\">Diametru: aproximativ 8,2 cm<\/p>\n<\/li>\n<li data-section-id=\"15urt4r\" data-start=\"1712\" data-end=\"1743\">\n<p data-start=\"1714\" data-end=\"1743\">Greutate: aproximativ 335 g<\/p>\n<\/li>\n<li data-section-id=\"74932e\" data-start=\"1744\" data-end=\"1814\">\n<p data-start=\"1746\" data-end=\"1814\">Suprafa\u021b\u0103 ideal\u0103 pentru personalizare cu fotografie, text sau logo<\/p>\n<\/li>\n<li data-section-id=\"f4n87u\" data-start=\"1815\" data-end=\"1891\">\n<p data-start=\"1817\" data-end=\"1891\">Efect special: imaginea apare c\u00e2nd cana este umplut\u0103 cu lichid fierbinte<\/p>\n<\/li>\n<li data-section-id=\"8ecj2f\" data-start=\"1892\" data-end=\"1960\">\n<p data-start=\"1894\" data-end=\"1960\">Ambalat\u0103 \u00een cutie individual\u0103 pentru protec\u021bie \u0219i livrare sigur\u0103<\/p>\n<\/li>\n<li data-section-id=\"1gzcrx0\" data-start=\"1961\" data-end=\"2088\">\n<p data-start=\"1963\" data-end=\"2088\">Compatibil\u0103 cu cuptorul cu microunde (nu este recomandat\u0103 sp\u0103larea \u00een ma\u0219ina de vase)<\/p>\n<\/li>\n<\/ul>","protected":false},"excerpt":{"rendered":"<p>Can\u0103 ceramic\u0103 termosensibil\u0103 albastru mat, personalizabil\u0103, care \u00ee\u0219i schimb\u0103 culoarea atunci c\u00e2nd este umplut\u0103 cu o b\u0103utur\u0103 fierbinte. Imaginea sau mesajul imprimat devine vizibil treptat, oferind un efect surprinz\u0103tor \u0219i spectaculos \u2013 perfect pentru cadouri originale \u0219i produse promo\u021bionale.<\/p>","protected":false},"featured_media":1400,"comment_status":"open","ping_status":"closed","template":"","meta":[],"product_brand":[],"product_cat":[80,103,153],"product_tag":[83,81,84,82],"class_list":{"0":"post-1399","1":"product","2":"type-product","3":"status-publish","4":"has-post-thumbnail","6":"product_cat-cana-personalizabila","7":"product_cat-horeca","8":"product_cat-produse-personalizabile","9":"product_tag-cana-ceramica","10":"product_tag-cani-personalizate","11":"product_tag-personalizare-cani","12":"product_tag-targu-mures","14":"first","15":"instock","16":"shipping-taxable","17":"purchasable","18":"product-type-simple"},"yoast_head":"<!-- This site is optimized with the Yoast SEO plugin v27.1.1 - https:\/\/yoast.com\/product\/yoast-seo-wordpress\/ -->\n<title>Can\u0103 termosensibil\u0103 albastr\u0103, ceramic\u0103 personalizat\u0103 \u2013 350 ml, cu cutie individual\u0103 - PersonaliDar - Cadouri perfecte<\/title>\n<meta name=\"description\" content=\"Cana personalizata termosensibila, albastra. Cadou deosebit.\" \/>\n<meta name=\"robots\" content=\"index, follow, max-snippet:-1, max-image-preview:large, max-video-preview:-1\" \/>\n<link rel=\"canonical\" href=\"https:\/\/personalidar.ro\/hu\/produse\/cana-termosensibila-albastra-ceramica-personalizata-350-ml-cu-cutie-individuala\/\" \/>\n<meta property=\"og:locale\" content=\"hu_HU\" \/>\n<meta property=\"og:type\" content=\"article\" \/>\n<meta property=\"og:title\" content=\"Cana personalizata termosensibila\" \/>\n<meta property=\"og:description\" content=\"Cana personalizata termosensibila\" \/>\n<meta property=\"og:url\" content=\"https:\/\/personalidar.ro\/hu\/produse\/cana-termosensibila-albastra-ceramica-personalizata-350-ml-cu-cutie-individuala\/\" \/>\n<meta property=\"og:site_name\" content=\"PersonaliDar - Cadouri perfecte\" \/>\n<meta property=\"article:publisher\" content=\"https:\/\/www.facebook.com\/personalidar.ro\" \/>\n<meta property=\"article:modified_time\" content=\"2026-03-25T14:40:00+00:00\" \/>\n<meta property=\"og:image\" content=\"https:\/\/personalidar.ro\/wp-content\/uploads\/2026\/03\/5147.webp\" \/>\n\t<meta property=\"og:image:width\" content=\"1000\" \/>\n\t<meta property=\"og:image:height\" content=\"1000\" \/>\n\t<meta property=\"og:image:type\" content=\"image\/webp\" \/>\n<meta name=\"twitter:card\" content=\"summary_large_image\" \/>\n<meta name=\"twitter:label1\" content=\"Becs\u00fclt olvas\u00e1si id\u0151\" \/>\n\t<meta name=\"twitter:data1\" content=\"2 perc\" \/>\n<script type=\"application\/ld+json\" class=\"yoast-schema-graph\">{\"@context\":\"https:\/\/schema.org\",\"@graph\":[{\"@type\":\"WebPage\",\"@id\":\"https:\/\/personalidar.ro\/produse\/cana-termosensibila-albastra-ceramica-personalizata-350-ml-cu-cutie-individuala\/\",\"url\":\"https:\/\/personalidar.ro\/produse\/cana-termosensibila-albastra-ceramica-personalizata-350-ml-cu-cutie-individuala\/\",\"name\":\"Can\u0103 termosensibil\u0103 albastr\u0103, ceramic\u0103 personalizat\u0103 \u2013 350 ml, cu cutie individual\u0103 - PersonaliDar - Cadouri perfecte\",\"isPartOf\":{\"@id\":\"https:\/\/personalidar.ro\/#website\"},\"primaryImageOfPage\":{\"@id\":\"https:\/\/personalidar.ro\/produse\/cana-termosensibila-albastra-ceramica-personalizata-350-ml-cu-cutie-individuala\/#primaryimage\"},\"image\":{\"@id\":\"https:\/\/personalidar.ro\/produse\/cana-termosensibila-albastra-ceramica-personalizata-350-ml-cu-cutie-individuala\/#primaryimage\"},\"thumbnailUrl\":\"https:\/\/personalidar.ro\/wp-content\/uploads\/2026\/03\/5147.webp\",\"datePublished\":\"2026-03-08T21:12:26+00:00\",\"dateModified\":\"2026-03-25T14:40:00+00:00\",\"description\":\"Cana personalizata termosensibila, albastra. Cadou deosebit.\",\"breadcrumb\":{\"@id\":\"https:\/\/personalidar.ro\/produse\/cana-termosensibila-albastra-ceramica-personalizata-350-ml-cu-cutie-individuala\/#breadcrumb\"},\"inLanguage\":\"hu\",\"potentialAction\":[{\"@type\":\"ReadAction\",\"target\":[\"https:\/\/personalidar.ro\/produse\/cana-termosensibila-albastra-ceramica-personalizata-350-ml-cu-cutie-individuala\/\"]}]},{\"@type\":\"ImageObject\",\"inLanguage\":\"hu\",\"@id\":\"https:\/\/personalidar.ro\/produse\/cana-termosensibila-albastra-ceramica-personalizata-350-ml-cu-cutie-individuala\/#primaryimage\",\"url\":\"https:\/\/personalidar.ro\/wp-content\/uploads\/2026\/03\/5147.webp\",\"contentUrl\":\"https:\/\/personalidar.ro\/wp-content\/uploads\/2026\/03\/5147.webp\",\"width\":1000,\"height\":1000},{\"@type\":\"BreadcrumbList\",\"@id\":\"https:\/\/personalidar.ro\/produse\/cana-termosensibila-albastra-ceramica-personalizata-350-ml-cu-cutie-individuala\/#breadcrumb\",\"itemListElement\":[{\"@type\":\"ListItem\",\"position\":1,\"name\":\"Home\",\"item\":\"https:\/\/personalidar.ro\/\"},{\"@type\":\"ListItem\",\"position\":2,\"name\":\"Shop\",\"item\":\"https:\/\/personalidar.ro\/shop\/\"},{\"@type\":\"ListItem\",\"position\":3,\"name\":\"Can\u0103 termosensibil\u0103 albastr\u0103, ceramic\u0103 personalizat\u0103 \u2013 350 ml, cu cutie individual\u0103\"}]},{\"@type\":\"WebSite\",\"@id\":\"https:\/\/personalidar.ro\/#website\",\"url\":\"https:\/\/personalidar.ro\/\",\"name\":\"PersonaliDar\",\"description\":\"Cadouri Mure\u0219\",\"publisher\":{\"@id\":\"https:\/\/personalidar.ro\/#organization\"},\"potentialAction\":[{\"@type\":\"SearchAction\",\"target\":{\"@type\":\"EntryPoint\",\"urlTemplate\":\"https:\/\/personalidar.ro\/?s={search_term_string}\"},\"query-input\":{\"@type\":\"PropertyValueSpecification\",\"valueRequired\":true,\"valueName\":\"search_term_string\"}}],\"inLanguage\":\"hu\"},{\"@type\":\"Organization\",\"@id\":\"https:\/\/personalidar.ro\/#organization\",\"name\":\"PersonaliDar\",\"url\":\"https:\/\/personalidar.ro\/\",\"logo\":{\"@type\":\"ImageObject\",\"inLanguage\":\"hu\",\"@id\":\"https:\/\/personalidar.ro\/#\/schema\/logo\/image\/\",\"url\":\"https:\/\/personalidar.ro\/wp-content\/uploads\/2026\/02\/cropped-logo-200-1.png\",\"contentUrl\":\"https:\/\/personalidar.ro\/wp-content\/uploads\/2026\/02\/cropped-logo-200-1.png\",\"width\":200,\"height\":115,\"caption\":\"PersonaliDar\"},\"image\":{\"@id\":\"https:\/\/personalidar.ro\/#\/schema\/logo\/image\/\"},\"sameAs\":[\"https:\/\/www.facebook.com\/personalidar.ro\"]}]}<\/script>\n<!-- \/ Yoast SEO plugin. -->","yoast_head_json":{"title":"Can\u0103 termosensibil\u0103 albastr\u0103, ceramic\u0103 personalizat\u0103 \u2013 350 ml, cu cutie individual\u0103 - PersonaliDar - Cadouri perfecte","description":"Cana personalizata termosensibila, albastra. Cadou deosebit.","robots":{"index":"index","follow":"follow","max-snippet":"max-snippet:-1","max-image-preview":"max-image-preview:large","max-video-preview":"max-video-preview:-1"},"canonical":"https:\/\/personalidar.ro\/hu\/produse\/cana-termosensibila-albastra-ceramica-personalizata-350-ml-cu-cutie-individuala\/","og_locale":"hu_HU","og_type":"article","og_title":"Cana personalizata termosensibila","og_description":"Cana personalizata termosensibila","og_url":"https:\/\/personalidar.ro\/hu\/produse\/cana-termosensibila-albastra-ceramica-personalizata-350-ml-cu-cutie-individuala\/","og_site_name":"PersonaliDar - Cadouri perfecte","article_publisher":"https:\/\/www.facebook.com\/personalidar.ro","article_modified_time":"2026-03-25T14:40:00+00:00","og_image":[{"width":1000,"height":1000,"url":"https:\/\/personalidar.ro\/wp-content\/uploads\/2026\/03\/5147.webp","type":"image\/webp"}],"twitter_card":"summary_large_image","twitter_misc":{"Becs\u00fclt olvas\u00e1si id\u0151":"2 perc"},"schema":{"@context":"https:\/\/schema.org","@graph":[{"@type":"WebPage","@id":"https:\/\/personalidar.ro\/produse\/cana-termosensibila-albastra-ceramica-personalizata-350-ml-cu-cutie-individuala\/","url":"https:\/\/personalidar.ro\/produse\/cana-termosensibila-albastra-ceramica-personalizata-350-ml-cu-cutie-individuala\/","name":"Can\u0103 termosensibil\u0103 albastr\u0103, ceramic\u0103 personalizat\u0103 \u2013 350 ml, cu cutie individual\u0103 - PersonaliDar - Cadouri perfecte","isPartOf":{"@id":"https:\/\/personalidar.ro\/#website"},"primaryImageOfPage":{"@id":"https:\/\/personalidar.ro\/produse\/cana-termosensibila-albastra-ceramica-personalizata-350-ml-cu-cutie-individuala\/#primaryimage"},"image":{"@id":"https:\/\/personalidar.ro\/produse\/cana-termosensibila-albastra-ceramica-personalizata-350-ml-cu-cutie-individuala\/#primaryimage"},"thumbnailUrl":"https:\/\/personalidar.ro\/wp-content\/uploads\/2026\/03\/5147.webp","datePublished":"2026-03-08T21:12:26+00:00","dateModified":"2026-03-25T14:40:00+00:00","description":"Cana personalizata termosensibila, albastra. Cadou deosebit.","breadcrumb":{"@id":"https:\/\/personalidar.ro\/produse\/cana-termosensibila-albastra-ceramica-personalizata-350-ml-cu-cutie-individuala\/#breadcrumb"},"inLanguage":"hu","potentialAction":[{"@type":"ReadAction","target":["https:\/\/personalidar.ro\/produse\/cana-termosensibila-albastra-ceramica-personalizata-350-ml-cu-cutie-individuala\/"]}]},{"@type":"ImageObject","inLanguage":"hu","@id":"https:\/\/personalidar.ro\/produse\/cana-termosensibila-albastra-ceramica-personalizata-350-ml-cu-cutie-individuala\/#primaryimage","url":"https:\/\/personalidar.ro\/wp-content\/uploads\/2026\/03\/5147.webp","contentUrl":"https:\/\/personalidar.ro\/wp-content\/uploads\/2026\/03\/5147.webp","width":1000,"height":1000},{"@type":"BreadcrumbList","@id":"https:\/\/personalidar.ro\/produse\/cana-termosensibila-albastra-ceramica-personalizata-350-ml-cu-cutie-individuala\/#breadcrumb","itemListElement":[{"@type":"ListItem","position":1,"name":"Home","item":"https:\/\/personalidar.ro\/"},{"@type":"ListItem","position":2,"name":"Shop","item":"https:\/\/personalidar.ro\/shop\/"},{"@type":"ListItem","position":3,"name":"Can\u0103 termosensibil\u0103 albastr\u0103, ceramic\u0103 personalizat\u0103 \u2013 350 ml, cu cutie individual\u0103"}]},{"@type":"WebSite","@id":"https:\/\/personalidar.ro\/#website","url":"https:\/\/personalidar.ro\/","name":"PersonaliDar","description":"Cadouri Mure\u0219","publisher":{"@id":"https:\/\/personalidar.ro\/#organization"},"potentialAction":[{"@type":"SearchAction","target":{"@type":"EntryPoint","urlTemplate":"https:\/\/personalidar.ro\/?s={search_term_string}"},"query-input":{"@type":"PropertyValueSpecification","valueRequired":true,"valueName":"search_term_string"}}],"inLanguage":"hu"},{"@type":"Organization","@id":"https:\/\/personalidar.ro\/#organization","name":"PersonaliDar","url":"https:\/\/personalidar.ro\/","logo":{"@type":"ImageObject","inLanguage":"hu","@id":"https:\/\/personalidar.ro\/#\/schema\/logo\/image\/","url":"https:\/\/personalidar.ro\/wp-content\/uploads\/2026\/02\/cropped-logo-200-1.png","contentUrl":"https:\/\/personalidar.ro\/wp-content\/uploads\/2026\/02\/cropped-logo-200-1.png","width":200,"height":115,"caption":"PersonaliDar"},"image":{"@id":"https:\/\/personalidar.ro\/#\/schema\/logo\/image\/"},"sameAs":["https:\/\/www.facebook.com\/personalidar.ro"]}]}},"_links":{"self":[{"href":"https:\/\/personalidar.ro\/hu\/wp-json\/wp\/v2\/product\/1399","targetHints":{"allow":["GET"]}}],"collection":[{"href":"https:\/\/personalidar.ro\/hu\/wp-json\/wp\/v2\/product"}],"about":[{"href":"https:\/\/personalidar.ro\/hu\/wp-json\/wp\/v2\/types\/product"}],"replies":[{"embeddable":true,"href":"https:\/\/personalidar.ro\/hu\/wp-json\/wp\/v2\/comments?post=1399"}],"wp:featuredmedia":[{"embeddable":true,"href":"https:\/\/personalidar.ro\/hu\/wp-json\/wp\/v2\/media\/1400"}],"wp:attachment":[{"href":"https:\/\/personalidar.ro\/hu\/wp-json\/wp\/v2\/media?parent=1399"}],"wp:term":[{"taxonomy":"product_brand","embeddable":true,"href":"https:\/\/personalidar.ro\/hu\/wp-json\/wp\/v2\/product_brand?post=1399"},{"taxonomy":"product_cat","embeddable":true,"href":"https:\/\/personalidar.ro\/hu\/wp-json\/wp\/v2\/product_cat?post=1399"},{"taxonomy":"product_tag","embeddable":true,"href":"https:\/\/personalidar.ro\/hu\/wp-json\/wp\/v2\/product_tag?post=1399"}],"curies":[{"name":"wp","href":"https:\/\/api.w.org\/{rel}","templated":true}]}}